{"id":95,"date":"2016-05-17T19:05:43","date_gmt":"2016-05-17T18:05:43","guid":{"rendered":"http:\/\/gunnarsson.biz\/ljungpress\/?page_id=95"},"modified":"2019-06-30T15:31:00","modified_gmt":"2019-06-30T14:31:00","slug":"hussborgs-herrgard","status":"publish","type":"page","link":"https:\/\/gunnarsson.biz\/ljungpress\/?page_id=95","title":{"rendered":"Hussborgs Herrg\u00e5rd"},"content":{"rendered":"<p><a href=\"http:\/\/www.hussborg.com\/\" target=\"_blank\">Hussborgs Herrg\u00e5rd<\/a> och <a href=\"http:\/\/www.hussborggk.se\/\" target=\"_blank\">Hussborgs Golfklubb<\/a>.<\/p>\n<p>H\u00e4r finner du <a href=\"https:\/\/www.facebook.com\/HussborgHerrgardOchKonferens\" target=\"_blank\">god mat<\/a>,<a href=\"http:\/\/www.hussborg.com\/logi-2\/\" target=\"_blank\"> logi<\/a>, <a href=\"http:\/\/www.hussborg.com\/konferens-2\/\" target=\"_blank\">konferenslokaler<\/a> och en <a href=\"http:\/\/www.hussborggk.se\/banan\/\" target=\"_blank\">18-h\u00e5ls golfbana<\/a>.<br \/>\nDagens lunch serveras varje vardag 11.00 &#8211; 15.00 och p\u00e5 <a href=\"https:\/\/www.facebook.com\/HussborgHerrgardOchKonferens\" target=\"_blank\">Herrg\u00e5rdens Facebooksida kan du se aktuell meny<\/a>.<br \/>\nNaturligtvis finns \u00e4ven ala carte, se <a href=\"http:\/\/www.hussborg.com\/sommarens-oppettider-evenemang\/\" target=\"_blank\">Hussborgs Herrg\u00e5rds hemsida f\u00f6r sommarens \u00f6ppettider &amp; evenemang<\/a> f\u00f6r mer detaljerad information.<\/p>\n<div id=\"attachment_99\" style=\"width: 650px\" class=\"wp-caption aligncenter\"><a href=\"http:\/\/gunnarsson.biz\/ljungpress\/wp-content\/uploads\/2016\/05\/hussborg_skylt.jpg\"><img loading=\"lazy\" decoding=\"async\" aria-describedby=\"caption-attachment-99\" class=\"size-full wp-image-99\" src=\"http:\/\/gunnarsson.biz\/ljungpress\/wp-content\/uploads\/2016\/05\/hussborg_skylt.jpg\" alt=\"Sett fr\u00e5n v\u00e4gen\" width=\"640\" height=\"480\" srcset=\"https:\/\/gunnarsson.biz\/ljungpress\/wp-content\/uploads\/2016\/05\/hussborg_skylt.jpg 640w, https:\/\/gunnarsson.biz\/ljungpress\/wp-content\/uploads\/2016\/05\/hussborg_skylt-300x225.jpg 300w, https:\/\/gunnarsson.biz\/ljungpress\/wp-content\/uploads\/2016\/05\/hussborg_skylt-624x468.jpg 624w\" sizes=\"auto, (max-width: 640px) 100vw, 640px\" \/><\/a><p id=\"caption-attachment-99\" class=\"wp-caption-text\">Herrg\u00e5rden sett fr\u00e5n v\u00e4gen<\/p><\/div>\n<div id=\"attachment_96\" style=\"width: 650px\" class=\"wp-caption aligncenter\"><a href=\"http:\/\/gunnarsson.biz\/ljungpress\/wp-content\/uploads\/2016\/05\/hussborg_herrgarden.jpg\"><img loading=\"lazy\" decoding=\"async\" aria-describedby=\"caption-attachment-96\" class=\"size-full wp-image-96\" src=\"http:\/\/gunnarsson.biz\/ljungpress\/wp-content\/uploads\/2016\/05\/hussborg_herrgarden.jpg\" alt=\"Herrg\u00e5rden \u00e4r en praktfull byggnad, eller hur?\" width=\"640\" height=\"480\" srcset=\"https:\/\/gunnarsson.biz\/ljungpress\/wp-content\/uploads\/2016\/05\/hussborg_herrgarden.jpg 640w, https:\/\/gunnarsson.biz\/ljungpress\/wp-content\/uploads\/2016\/05\/hussborg_herrgarden-300x225.jpg 300w, https:\/\/gunnarsson.biz\/ljungpress\/wp-content\/uploads\/2016\/05\/hussborg_herrgarden-624x468.jpg 624w\" sizes=\"auto, (max-width: 640px) 100vw, 640px\" \/><\/a><p id=\"caption-attachment-96\" class=\"wp-caption-text\">Herrg\u00e5rden \u00e4r en praktfull byggnad, eller hur?<\/p><\/div>\n<div id=\"attachment_98\" style=\"width: 490px\" class=\"wp-caption aligncenter\"><a href=\"http:\/\/gunnarsson.biz\/ljungpress\/wp-content\/uploads\/2016\/05\/hussborg_konferensgas.jpg\"><img loading=\"lazy\" decoding=\"async\" aria-describedby=\"caption-attachment-98\" class=\"size-full wp-image-98\" src=\"http:\/\/gunnarsson.biz\/ljungpress\/wp-content\/uploads\/2016\/05\/hussborg_konferensgas.jpg\" alt=\"Fyndig marknadsf\u00f6ring om att um&quot;g\u00e5s&quot;. :-)\" width=\"480\" height=\"640\" srcset=\"https:\/\/gunnarsson.biz\/ljungpress\/wp-content\/uploads\/2016\/05\/hussborg_konferensgas.jpg 480w, https:\/\/gunnarsson.biz\/ljungpress\/wp-content\/uploads\/2016\/05\/hussborg_konferensgas-225x300.jpg 225w\" sizes=\"auto, (max-width: 480px) 100vw, 480px\" \/><\/a><p id=\"caption-attachment-98\" class=\"wp-caption-text\">Fyndig marknadsf\u00f6ring om att um&#8221;g\u00e5s&#8221; p\u00e5 konferens. \ud83d\ude42<\/p><\/div>\n<div id=\"attachment_97\" style=\"width: 488px\" class=\"wp-caption aligncenter\"><a href=\"http:\/\/gunnarsson.biz\/ljungpress\/wp-content\/uploads\/2016\/05\/hussborg_infotavla.jpg\"><img loading=\"lazy\" decoding=\"async\" aria-describedby=\"caption-attachment-97\" class=\" wp-image-97\" src=\"http:\/\/gunnarsson.biz\/ljungpress\/wp-content\/uploads\/2016\/05\/hussborg_infotavla.jpg\" alt=\"Karta \u00f6ver omr\u00e5det, klicka p\u00e5 bilden f\u00f6r att f\u00f6rstora.\" width=\"478\" height=\"358\" srcset=\"https:\/\/gunnarsson.biz\/ljungpress\/wp-content\/uploads\/2016\/05\/hussborg_infotavla.jpg 1706w, https:\/\/gunnarsson.biz\/ljungpress\/wp-content\/uploads\/2016\/05\/hussborg_infotavla-300x225.jpg 300w, https:\/\/gunnarsson.biz\/ljungpress\/wp-content\/uploads\/2016\/05\/hussborg_infotavla-768x576.jpg 768w, https:\/\/gunnarsson.biz\/ljungpress\/wp-content\/uploads\/2016\/05\/hussborg_infotavla-1024x768.jpg 1024w, https:\/\/gunnarsson.biz\/ljungpress\/wp-content\/uploads\/2016\/05\/hussborg_infotavla-624x468.jpg 624w\" sizes=\"auto, (max-width: 478px) 100vw, 478px\" \/><\/a><p id=\"caption-attachment-97\" class=\"wp-caption-text\">Karta \u00f6ver omr\u00e5det, klicka p\u00e5 bilden f\u00f6r att f\u00f6rstora.<\/p><\/div>\n<p>Hitta dit med hj\u00e4lp av <a href=\"https:\/\/www.hitta.se\/kartan!~62.49731,16.01760,14z\/tr!i=e6sTE2c8\" target=\"_blank\">Hitta.se <\/a><\/p>\n","protected":false},"excerpt":{"rendered":"<p>Hussborgs Herrg\u00e5rd och Hussborgs Golfklubb. H\u00e4r finner du god mat, logi, konferenslokaler och en 18-h\u00e5ls golfbana. Dagens lunch serveras varje vardag 11.00 &#8211; 15.00 och p\u00e5 Herrg\u00e5rdens Facebooksida kan du se aktuell meny. Naturligtvis finns \u00e4ven ala carte, se Hussborgs Herrg\u00e5rds hemsida f\u00f6r sommarens \u00f6ppettider &amp; evenemang f\u00f6r mer detaljerad information. Hitta dit med hj\u00e4lp [&hellip;]<\/p>\n","protected":false},"author":1,"featured_media":0,"parent":40,"menu_order":0,"comment_status":"closed","ping_status":"closed","template":"","meta":{"footnotes":""},"class_list":["post-95","page","type-page","status-publish","hentry"],"_links":{"self":[{"href":"https:\/\/gunnarsson.biz\/ljungpress\/index.php?rest_route=\/wp\/v2\/pages\/95","targetHints":{"allow":["GET"]}}],"collection":[{"href":"https:\/\/gunnarsson.biz\/ljungpress\/index.php?rest_route=\/wp\/v2\/pages"}],"about":[{"href":"https:\/\/gunnarsson.biz\/ljungpress\/index.php?rest_route=\/wp\/v2\/types\/page"}],"author":[{"embeddable":true,"href":"https:\/\/gunnarsson.biz\/ljungpress\/index.php?rest_route=\/wp\/v2\/users\/1"}],"replies":[{"embeddable":true,"href":"https:\/\/gunnarsson.biz\/ljungpress\/index.php?rest_route=%2Fwp%2Fv2%2Fcomments&post=95"}],"version-history":[{"count":5,"href":"https:\/\/gunnarsson.biz\/ljungpress\/index.php?rest_route=\/wp\/v2\/pages\/95\/revisions"}],"predecessor-version":[{"id":147,"href":"https:\/\/gunnarsson.biz\/ljungpress\/index.php?rest_route=\/wp\/v2\/pages\/95\/revisions\/147"}],"up":[{"embeddable":true,"href":"https:\/\/gunnarsson.biz\/ljungpress\/index.php?rest_route=\/wp\/v2\/pages\/40"}],"wp:attachment":[{"href":"https:\/\/gunnarsson.biz\/ljungpress\/index.php?rest_route=%2Fwp%2Fv2%2Fmedia&parent=95"}],"curies":[{"name":"wp","href":"https:\/\/api.w.org\/{rel}","templated":true}]}}