{"id":44,"date":"2016-05-10T23:37:04","date_gmt":"2016-05-10T22:37:04","guid":{"rendered":"http:\/\/gunnarsson.biz\/ljungpress\/?page_id=44"},"modified":"2019-06-30T16:49:13","modified_gmt":"2019-06-30T15:49:13","slug":"friluftsomradet-fly","status":"publish","type":"page","link":"https:\/\/gunnarsson.biz\/ljungpress\/?page_id=44","title":{"rendered":"Friluftsomr\u00e5det &#8221;Fly&#8221;"},"content":{"rendered":"<p>H\u00e4r \u00e4r en personlig favorit, ett promenadstr\u00e5k l\u00e4ngs n\u00e5got som i folkmun kallas &#8221;Tubv\u00e4gen&#8221;. Det \u00e4r v\u00e4l dels en promenadstr\u00e4cka p\u00e5 ungef\u00e4r 2 km som p\u00e5 vintern ocks\u00e5 anv\u00e4nds som skoterled.\u00a0 L\u00e4ngs detta str\u00e5k finns bland annat 3 Gapahuk (Vindskydd p\u00e5 m\u00e5l) med grillplats och ocks\u00e5 ett g\u00e4ng klassiska kombinerade b\u00e4nkar med bord d\u00e4r man l\u00e4tt f\u00e5r plats 6 personer samtidigt.<\/p>\n<div id=\"attachment_54\" style=\"width: 634px\" class=\"wp-caption aligncenter\"><a href=\"http:\/\/gunnarsson.biz\/ljungpress\/wp-content\/uploads\/2016\/05\/gapahuk3.jpg\"><img loading=\"lazy\" decoding=\"async\" aria-describedby=\"caption-attachment-54\" class=\" wp-image-54\" src=\"http:\/\/gunnarsson.biz\/ljungpress\/wp-content\/uploads\/2016\/05\/gapahuk3.jpg\" alt=\"Utsikt fr\u00e5n ett av &quot;Gapahuken&quot;.\" width=\"624\" height=\"468\" srcset=\"https:\/\/gunnarsson.biz\/ljungpress\/wp-content\/uploads\/2016\/05\/gapahuk3.jpg 541w, https:\/\/gunnarsson.biz\/ljungpress\/wp-content\/uploads\/2016\/05\/gapahuk3-300x225.jpg 300w\" sizes=\"auto, (max-width: 624px) 100vw, 624px\" \/><\/a><p id=\"caption-attachment-54\" class=\"wp-caption-text\">Utsikt fr\u00e5n ett av &#8221;Gapahuken&#8221;.<\/p><\/div>\n<p>H\u00e4r kan man str\u00f6va omkring l\u00e4ngs Ljungan och stanna till p\u00e5 n\u00e5gon av de fina rastplatserna l\u00e4ngs v\u00e4gen. F\u00f6r den som inte vill g\u00e5 s\u00e5 l\u00e5ngt kan man \u00e4ven k\u00f6ra bil n\u00e4stan \u00e4nda fram till grillplatserna. Ta med dej f\u00e4rdig mats\u00e4ck, eller ta med dej n\u00e5got att grilla p\u00e5 plats, bara fantasin bromsar vad du vill ha till lunch eller middag utomhus.<\/p>\n<div id=\"attachment_53\" style=\"width: 635px\" class=\"wp-caption aligncenter\"><a href=\"http:\/\/gunnarsson.biz\/ljungpress\/wp-content\/uploads\/2016\/05\/gapahuk2.jpg\"><img loading=\"lazy\" decoding=\"async\" aria-describedby=\"caption-attachment-53\" class=\"size-large wp-image-53\" src=\"http:\/\/gunnarsson.biz\/ljungpress\/wp-content\/uploads\/2016\/05\/gapahuk2-1024x723.jpg\" alt=\"Gapahuk och rastplatser l\u00e4ngs v\u00e4gen.\" width=\"625\" height=\"441\" srcset=\"https:\/\/gunnarsson.biz\/ljungpress\/wp-content\/uploads\/2016\/05\/gapahuk2-1024x723.jpg 1024w, https:\/\/gunnarsson.biz\/ljungpress\/wp-content\/uploads\/2016\/05\/gapahuk2-300x212.jpg 300w, https:\/\/gunnarsson.biz\/ljungpress\/wp-content\/uploads\/2016\/05\/gapahuk2-768x543.jpg 768w, https:\/\/gunnarsson.biz\/ljungpress\/wp-content\/uploads\/2016\/05\/gapahuk2-624x441.jpg 624w, https:\/\/gunnarsson.biz\/ljungpress\/wp-content\/uploads\/2016\/05\/gapahuk2.jpg 1049w\" sizes=\"auto, (max-width: 625px) 100vw, 625px\" \/><\/a><p id=\"caption-attachment-53\" class=\"wp-caption-text\">Gapahuk och rastplatser l\u00e4ngs v\u00e4gen.<\/p><\/div>\n<p>L\u00e4ngs v\u00e4gen finns ocks\u00e5 m\u00f6jlighet att st\u00e4lla upp husvagn eller husbil \u00f6ver natten, eller du kanske vill sova i n\u00e5got av gapahuken om det inte \u00e4r f\u00f6r kallt under natten. Det finns dock ingen str\u00f6m eller rinnande vatten att tillg\u00e5.<\/p>\n<div id=\"attachment_52\" style=\"width: 635px\" class=\"wp-caption aligncenter\"><a href=\"http:\/\/gunnarsson.biz\/ljungpress\/wp-content\/uploads\/2016\/05\/gapahuk1.jpg\"><img loading=\"lazy\" decoding=\"async\" aria-describedby=\"caption-attachment-52\" class=\"size-large wp-image-52\" src=\"http:\/\/gunnarsson.biz\/ljungpress\/wp-content\/uploads\/2016\/05\/gapahuk1-1024x768.jpg\" alt=\"Gapahuk och rastplatser l\u00e4ngs v\u00e4gen.\" width=\"625\" height=\"469\" srcset=\"https:\/\/gunnarsson.biz\/ljungpress\/wp-content\/uploads\/2016\/05\/gapahuk1-1024x768.jpg 1024w, https:\/\/gunnarsson.biz\/ljungpress\/wp-content\/uploads\/2016\/05\/gapahuk1-300x225.jpg 300w, https:\/\/gunnarsson.biz\/ljungpress\/wp-content\/uploads\/2016\/05\/gapahuk1-768x576.jpg 768w, https:\/\/gunnarsson.biz\/ljungpress\/wp-content\/uploads\/2016\/05\/gapahuk1-624x468.jpg 624w, https:\/\/gunnarsson.biz\/ljungpress\/wp-content\/uploads\/2016\/05\/gapahuk1.jpg 1050w\" sizes=\"auto, (max-width: 625px) 100vw, 625px\" \/><\/a><p id=\"caption-attachment-52\" class=\"wp-caption-text\">Gapahuk och rastplatser l\u00e4ngs v\u00e4gen.<\/p><\/div>\n<p>M\u00f6jlighet att fiska finns ocks\u00e5, det finns G\u00e4dda, Abborre, Harr och \u00d6ring i Ljungan som sakta rinner f\u00f6rbi bredvid promenadstr\u00e5ket. <em><span style=\"text-decoration: underline;\">Fiskekort kr\u00e4vs.<br \/>\n<\/span><\/em><a href=\"https:\/\/www.google.com\/maps\/place\/840+10+Ljungaverk\/@62.4961576,16.0305447,1276m\/data=!3m1!1e3!4m5!3m4!1s0x4665a161f0178fc1:0x30805a8d4b3fd527!8m2!3d62.4892714!4d16.0421105\" target=\"_blank\"><span style=\"text-decoration: underline;\">Str\u00f6vomr\u00e5det hittas H\u00c4R<\/span><\/a> och g\u00e5r mellan Ljungaverk till Johannisberg kan man s\u00e4ga, det \u00e4r allts\u00e5 str\u00e5ket\/v\u00e4gen som g\u00e5r strax till h\u00f6ger om &#8221;Karlsro Flyers&#8221;<em><span style=\"text-decoration: underline;\"><br \/>\n<\/span><\/em><\/p>\n<p>&nbsp;<\/p>\n","protected":false},"excerpt":{"rendered":"<p>H\u00e4r \u00e4r en personlig favorit, ett promenadstr\u00e5k l\u00e4ngs n\u00e5got som i folkmun kallas &#8221;Tubv\u00e4gen&#8221;. Det \u00e4r v\u00e4l dels en promenadstr\u00e4cka p\u00e5 ungef\u00e4r 2 km som p\u00e5 vintern ocks\u00e5 anv\u00e4nds som skoterled.\u00a0 L\u00e4ngs detta str\u00e5k finns bland annat 3 Gapahuk (Vindskydd p\u00e5 m\u00e5l) med grillplats och ocks\u00e5 ett g\u00e4ng klassiska kombinerade b\u00e4nkar med bord d\u00e4r man [&hellip;]<\/p>\n","protected":false},"author":1,"featured_media":0,"parent":19,"menu_order":0,"comment_status":"closed","ping_status":"closed","template":"","meta":{"footnotes":""},"class_list":["post-44","page","type-page","status-publish","hentry"],"_links":{"self":[{"href":"https:\/\/gunnarsson.biz\/ljungpress\/index.php?rest_route=\/wp\/v2\/pages\/44","targetHints":{"allow":["GET"]}}],"collection":[{"href":"https:\/\/gunnarsson.biz\/ljungpress\/index.php?rest_route=\/wp\/v2\/pages"}],"about":[{"href":"https:\/\/gunnarsson.biz\/ljungpress\/index.php?rest_route=\/wp\/v2\/types\/page"}],"author":[{"embeddable":true,"href":"https:\/\/gunnarsson.biz\/ljungpress\/index.php?rest_route=\/wp\/v2\/users\/1"}],"replies":[{"embeddable":true,"href":"https:\/\/gunnarsson.biz\/ljungpress\/index.php?rest_route=%2Fwp%2Fv2%2Fcomments&post=44"}],"version-history":[{"count":6,"href":"https:\/\/gunnarsson.biz\/ljungpress\/index.php?rest_route=\/wp\/v2\/pages\/44\/revisions"}],"predecessor-version":[{"id":159,"href":"https:\/\/gunnarsson.biz\/ljungpress\/index.php?rest_route=\/wp\/v2\/pages\/44\/revisions\/159"}],"up":[{"embeddable":true,"href":"https:\/\/gunnarsson.biz\/ljungpress\/index.php?rest_route=\/wp\/v2\/pages\/19"}],"wp:attachment":[{"href":"https:\/\/gunnarsson.biz\/ljungpress\/index.php?rest_route=%2Fwp%2Fv2%2Fmedia&parent=44"}],"curies":[{"name":"wp","href":"https:\/\/api.w.org\/{rel}","templated":true}]}}