{"id":274,"date":"2020-06-14T11:22:07","date_gmt":"2020-06-14T10:22:07","guid":{"rendered":"http:\/\/gunnarsson.biz\/ljungpress\/?page_id=274"},"modified":"2023-05-21T12:41:40","modified_gmt":"2023-05-21T11:41:40","slug":"lokstallets-bed-breakfast","status":"publish","type":"page","link":"https:\/\/gunnarsson.biz\/ljungpress\/?page_id=274","title":{"rendered":"Lokstallets Bed &#038; Breakfast"},"content":{"rendered":"<div class=\"Preview_row__3Fkye row\">\n<div class=\"Preview_componentWrapper__2i4QI\" data-id=\"E02C502C-09BA-4694-98EA-9CF015E2AD80\" data-kind=\"TEXT\">\n<div class=\" Preview_component__SbiKo text-align-null\" data-in-template=\"false\" data-id=\"E02C502C-09BA-4694-98EA-9CF015E2AD80\" data-kind=\"Component\" data-specific-kind=\"TEXT\">\n<div class=\"styles_verticalAlignmentWrapper__3SDi2\">\n<div class=\"styles_contentContainer__lrPIa textnormal styles_text__3jGMu\" data-mve-font-change=\"0\">\n<p class=\"\"><span class=\"\">Lokstallets bed and breakfast erbjuder trevligt boende i Ljungaverks centrum<br \/>\n(Ett stenkast fr\u00e5n Folkets Hus och n\u00e4ra platsen d\u00e4r Ljungarocken brukar h\u00e5llas.).<\/span><\/p>\n<p>Incheckning dygnet runt g\u00f6r det smidigt f\u00f6r dig som kanske reser l\u00e5ngt.<br \/>\n&#8221;Vi g\u00f6r allt vi kan f\u00f6r att uppfylla era \u00f6nskem\u00e5l. Tv\u00e4rs \u00f6ver v\u00e4gen finns en restaurang med r\u00e4ttigheter samt en pizzeria.&#8221;<\/p>\n<p>Lokstallet \u00e4r bel\u00e4get 3km ifr\u00e5n Getbergets slalombacke samt 1,6km ifr\u00e5n golfbanan och Hussborgs herrg\u00e5rd.<br \/>\nF\u00f6r mer information se deras hemsida p\u00e5: <a href=\"https:\/\/lokstalletsbb.se\/\">Lokstallet B&amp;B<\/a><\/p>\n<p>Jag \u00e4r inte helt 100% p\u00e5 att det \u00e4r n\u00e5gon verksamhet h\u00e4r l\u00e4ngre, hemsidan ligger nere och p\u00e5 Facebooksidan har inget h\u00e4nt sedan 2021. Detta fann jag p\u00e5 n\u00e4tet p\u00e5 <a href=\"https:\/\/www.booking.com\/hotel\/se\/lokstallets-bed-and-breakfast.sv.html\" target=\"_blank\" rel=\"noopener\">booking.com<\/a><\/p>\n<p>Kontakt:<br \/>\n070-3389166<br \/>\nlokstallet.ljungaverk@gmail.com<br \/>\nFabriksgatan 95<br \/>\n841 98 Ljungaverk,<br \/>\nSverige<\/p>\n<\/div>\n<\/div>\n<\/div>\n<\/div>\n<\/div>\n","protected":false},"excerpt":{"rendered":"<p>Lokstallets bed and breakfast erbjuder trevligt boende i Ljungaverks centrum (Ett stenkast fr\u00e5n Folkets Hus och n\u00e4ra platsen d\u00e4r Ljungarocken brukar h\u00e5llas.). Incheckning dygnet runt g\u00f6r det smidigt f\u00f6r dig som kanske reser l\u00e5ngt. &#8221;Vi g\u00f6r allt vi kan f\u00f6r att uppfylla era \u00f6nskem\u00e5l. Tv\u00e4rs \u00f6ver v\u00e4gen finns en restaurang med r\u00e4ttigheter samt en pizzeria.&#8221; [&hellip;]<\/p>\n","protected":false},"author":1,"featured_media":0,"parent":40,"menu_order":0,"comment_status":"closed","ping_status":"closed","template":"","meta":{"footnotes":""},"class_list":["post-274","page","type-page","status-publish","hentry"],"_links":{"self":[{"href":"https:\/\/gunnarsson.biz\/ljungpress\/index.php?rest_route=\/wp\/v2\/pages\/274","targetHints":{"allow":["GET"]}}],"collection":[{"href":"https:\/\/gunnarsson.biz\/ljungpress\/index.php?rest_route=\/wp\/v2\/pages"}],"about":[{"href":"https:\/\/gunnarsson.biz\/ljungpress\/index.php?rest_route=\/wp\/v2\/types\/page"}],"author":[{"embeddable":true,"href":"https:\/\/gunnarsson.biz\/ljungpress\/index.php?rest_route=\/wp\/v2\/users\/1"}],"replies":[{"embeddable":true,"href":"https:\/\/gunnarsson.biz\/ljungpress\/index.php?rest_route=%2Fwp%2Fv2%2Fcomments&post=274"}],"version-history":[{"count":5,"href":"https:\/\/gunnarsson.biz\/ljungpress\/index.php?rest_route=\/wp\/v2\/pages\/274\/revisions"}],"predecessor-version":[{"id":405,"href":"https:\/\/gunnarsson.biz\/ljungpress\/index.php?rest_route=\/wp\/v2\/pages\/274\/revisions\/405"}],"up":[{"embeddable":true,"href":"https:\/\/gunnarsson.biz\/ljungpress\/index.php?rest_route=\/wp\/v2\/pages\/40"}],"wp:attachment":[{"href":"https:\/\/gunnarsson.biz\/ljungpress\/index.php?rest_route=%2Fwp%2Fv2%2Fmedia&parent=274"}],"curies":[{"name":"wp","href":"https:\/\/api.w.org\/{rel}","templated":true}]}}