{"id":21,"date":"2016-05-10T23:04:34","date_gmt":"2016-05-10T22:04:34","guid":{"rendered":"http:\/\/gunnarsson.biz\/ljungpress\/?page_id=21"},"modified":"2023-05-21T14:37:31","modified_gmt":"2023-05-21T13:37:31","slug":"getberget","status":"publish","type":"page","link":"https:\/\/gunnarsson.biz\/ljungpress\/?page_id=21","title":{"rendered":"Getberget"},"content":{"rendered":"<p>P\u00e5 Getberget brukar man om sommaren kunna stanna till och ta en benstr\u00e4ckare under sin resa l\u00e4ngs E14, <span class=\"st\">Caf\u00e9et i toppstugan ligger bara n\u00e5gra minuter fr\u00e5n E14 och \u00e4r v\u00e4l v\u00e4rd ett avbrott i resandet f\u00f6r intag av en kopp fika och beundra den fina utsikten. I \u00e5r kommer 2 unga tjejer bedriva serveringen, mer info om serveringen i toppstugan finner du p\u00e5 deras <a href=\"https:\/\/www.facebook.com\/people\/Toppstugan-Getberget\/100092253705952\/\" target=\"_blank\" rel=\"noopener\">Facebooksida<\/a>.<\/span><\/p>\n<p><a href=\"http:\/\/gunnarsson.biz\/ljungpress\/wp-content\/uploads\/2016\/05\/getberget_toppstugan.jpg\"><img loading=\"lazy\" decoding=\"async\" class=\"size-full wp-image-76\" src=\"http:\/\/gunnarsson.biz\/ljungpress\/wp-content\/uploads\/2016\/05\/getberget_toppstugan.jpg\" alt=\"Toppstgan med Cafe' p\u00e5 Getberget\" width=\"640\" height=\"480\" srcset=\"https:\/\/gunnarsson.biz\/ljungpress\/wp-content\/uploads\/2016\/05\/getberget_toppstugan.jpg 640w, https:\/\/gunnarsson.biz\/ljungpress\/wp-content\/uploads\/2016\/05\/getberget_toppstugan-300x225.jpg 300w, https:\/\/gunnarsson.biz\/ljungpress\/wp-content\/uploads\/2016\/05\/getberget_toppstugan-624x468.jpg 624w\" sizes=\"auto, (max-width: 640px) 100vw, 640px\" \/><\/a><\/p>\n<p><a href=\"http:\/\/gunnarsson.biz\/ljungpress\/wp-content\/uploads\/2016\/05\/getberget_akrarna.jpg\"><img loading=\"lazy\" decoding=\"async\" class=\"size-full wp-image-73\" src=\"http:\/\/gunnarsson.biz\/ljungpress\/wp-content\/uploads\/2016\/05\/getberget_akrarna.jpg\" alt=\"Fr\u00e5n utsiktsplatsen vid toppstugan\" width=\"640\" height=\"480\" srcset=\"https:\/\/gunnarsson.biz\/ljungpress\/wp-content\/uploads\/2016\/05\/getberget_akrarna.jpg 640w, https:\/\/gunnarsson.biz\/ljungpress\/wp-content\/uploads\/2016\/05\/getberget_akrarna-300x225.jpg 300w, https:\/\/gunnarsson.biz\/ljungpress\/wp-content\/uploads\/2016\/05\/getberget_akrarna-624x468.jpg 624w\" sizes=\"auto, (max-width: 640px) 100vw, 640px\" \/><\/a><\/p>\n<p>Passa ocks\u00e5 p\u00e5 att beundra den fina utsikten \u00f6ver Ljungandalen, det g\u00e5r en stig l\u00e4ngs bergskanten som kan vara kul att g\u00e5 om man inte \u00e4r h\u00f6jdr\u00e4dd s\u00e5 att s\u00e4ga. H\u00e4r har vi utsikten \u00f6ver\u00a0 Torpsj\u00f6n och grannbyn Fr\u00e4nsta:<\/p>\n<p><a href=\"http:\/\/gunnarsson.biz\/ljungpress\/wp-content\/uploads\/2016\/05\/getberget_utsikt_Fransta.jpg\"><img loading=\"lazy\" decoding=\"async\" class=\"size-full wp-image-77\" src=\"http:\/\/gunnarsson.biz\/ljungpress\/wp-content\/uploads\/2016\/05\/getberget_utsikt_Fransta.jpg\" alt=\"Vy \u00f6ver Fr\u00e4nsta och Torpsj\u00f6n fr\u00e5n Getberget\" width=\"640\" height=\"480\" srcset=\"https:\/\/gunnarsson.biz\/ljungpress\/wp-content\/uploads\/2016\/05\/getberget_utsikt_Fransta.jpg 640w, https:\/\/gunnarsson.biz\/ljungpress\/wp-content\/uploads\/2016\/05\/getberget_utsikt_Fransta-300x225.jpg 300w, https:\/\/gunnarsson.biz\/ljungpress\/wp-content\/uploads\/2016\/05\/getberget_utsikt_Fransta-624x468.jpg 624w\" sizes=\"auto, (max-width: 640px) 100vw, 640px\" \/><\/a><\/p>\n<p>P\u00e5 vintern har vi en utm\u00e4rkt slalombacke p\u00e5 Getberget, sn\u00f6tillg\u00e5ngen \u00e4r ganska s\u00e4ker tack vare att det investerats i sn\u00f6kanoner.<\/p>\n<p><a href=\"http:\/\/gunnarsson.biz\/ljungpress\/wp-content\/uploads\/2016\/05\/getberget_startstugan.jpg\"><img loading=\"lazy\" decoding=\"async\" class=\"size-full wp-image-75\" src=\"http:\/\/gunnarsson.biz\/ljungpress\/wp-content\/uploads\/2016\/05\/getberget_startstugan.jpg\" alt=\"Starttornet vid slalombacken.\" width=\"640\" height=\"480\" srcset=\"https:\/\/gunnarsson.biz\/ljungpress\/wp-content\/uploads\/2016\/05\/getberget_startstugan.jpg 640w, https:\/\/gunnarsson.biz\/ljungpress\/wp-content\/uploads\/2016\/05\/getberget_startstugan-300x225.jpg 300w, https:\/\/gunnarsson.biz\/ljungpress\/wp-content\/uploads\/2016\/05\/getberget_startstugan-624x468.jpg 624w\" sizes=\"auto, (max-width: 640px) 100vw, 640px\" \/><\/a><\/p>\n<p><a href=\"http:\/\/gunnarsson.biz\/ljungpress\/wp-content\/uploads\/2016\/05\/getberget_halfpipen.jpg\"><img loading=\"lazy\" decoding=\"async\" class=\"size-full wp-image-74\" src=\"http:\/\/gunnarsson.biz\/ljungpress\/wp-content\/uploads\/2016\/05\/getberget_halfpipen.jpg\" alt=\"Halfpipe heter det visst\" width=\"640\" height=\"480\" srcset=\"https:\/\/gunnarsson.biz\/ljungpress\/wp-content\/uploads\/2016\/05\/getberget_halfpipen.jpg 640w, https:\/\/gunnarsson.biz\/ljungpress\/wp-content\/uploads\/2016\/05\/getberget_halfpipen-300x225.jpg 300w, https:\/\/gunnarsson.biz\/ljungpress\/wp-content\/uploads\/2016\/05\/getberget_halfpipen-624x468.jpg 624w\" sizes=\"auto, (max-width: 640px) 100vw, 640px\" \/><\/a><\/p>\n<div id=\"attachment_78\" style=\"width: 650px\" class=\"wp-caption aligncenter\"><a href=\"http:\/\/gunnarsson.biz\/ljungpress\/wp-content\/uploads\/2016\/05\/getberget_varmestugan.jpg\"><img loading=\"lazy\" decoding=\"async\" aria-describedby=\"caption-attachment-78\" class=\"size-full wp-image-78\" src=\"http:\/\/gunnarsson.biz\/ljungpress\/wp-content\/uploads\/2016\/05\/getberget_varmestugan.jpg\" alt=\"V\u00e4rmestugan och n\u00e5gra av sn\u00f6kanonerna.\" width=\"640\" height=\"480\" srcset=\"https:\/\/gunnarsson.biz\/ljungpress\/wp-content\/uploads\/2016\/05\/getberget_varmestugan.jpg 640w, https:\/\/gunnarsson.biz\/ljungpress\/wp-content\/uploads\/2016\/05\/getberget_varmestugan-300x225.jpg 300w, https:\/\/gunnarsson.biz\/ljungpress\/wp-content\/uploads\/2016\/05\/getberget_varmestugan-624x468.jpg 624w\" sizes=\"auto, (max-width: 640px) 100vw, 640px\" \/><\/a><p id=\"caption-attachment-78\" class=\"wp-caption-text\">V\u00e4rmestugan.<\/p><\/div>\n<p>Vintertid finns \u00e4ven m\u00f6jlighet att fika och v\u00e4rma sej nedre delen av backen.<br \/>\nSlalombacken \u00e4r den lokala slalomklubben <a href=\"http:\/\/www.getberget.se\/\" target=\"_blank\" rel=\"noopener\">Getbergets Alpinas<\/a> &#8221;hemmaplan&#8221;.<\/p>\n","protected":false},"excerpt":{"rendered":"<p>P\u00e5 Getberget brukar man om sommaren kunna stanna till och ta en benstr\u00e4ckare under sin resa l\u00e4ngs E14, Caf\u00e9et i toppstugan ligger bara n\u00e5gra minuter fr\u00e5n E14 och \u00e4r v\u00e4l v\u00e4rd ett avbrott i resandet f\u00f6r intag av en kopp fika och beundra den fina utsikten. I \u00e5r kommer 2 unga tjejer bedriva serveringen, mer [&hellip;]<\/p>\n","protected":false},"author":1,"featured_media":0,"parent":19,"menu_order":0,"comment_status":"closed","ping_status":"closed","template":"","meta":{"footnotes":""},"class_list":["post-21","page","type-page","status-publish","hentry"],"_links":{"self":[{"href":"https:\/\/gunnarsson.biz\/ljungpress\/index.php?rest_route=\/wp\/v2\/pages\/21","targetHints":{"allow":["GET"]}}],"collection":[{"href":"https:\/\/gunnarsson.biz\/ljungpress\/index.php?rest_route=\/wp\/v2\/pages"}],"about":[{"href":"https:\/\/gunnarsson.biz\/ljungpress\/index.php?rest_route=\/wp\/v2\/types\/page"}],"author":[{"embeddable":true,"href":"https:\/\/gunnarsson.biz\/ljungpress\/index.php?rest_route=\/wp\/v2\/users\/1"}],"replies":[{"embeddable":true,"href":"https:\/\/gunnarsson.biz\/ljungpress\/index.php?rest_route=%2Fwp%2Fv2%2Fcomments&post=21"}],"version-history":[{"count":11,"href":"https:\/\/gunnarsson.biz\/ljungpress\/index.php?rest_route=\/wp\/v2\/pages\/21\/revisions"}],"predecessor-version":[{"id":409,"href":"https:\/\/gunnarsson.biz\/ljungpress\/index.php?rest_route=\/wp\/v2\/pages\/21\/revisions\/409"}],"up":[{"embeddable":true,"href":"https:\/\/gunnarsson.biz\/ljungpress\/index.php?rest_route=\/wp\/v2\/pages\/19"}],"wp:attachment":[{"href":"https:\/\/gunnarsson.biz\/ljungpress\/index.php?rest_route=%2Fwp%2Fv2%2Fmedia&parent=21"}],"curies":[{"name":"wp","href":"https:\/\/api.w.org\/{rel}","templated":true}]}}