{"id":199,"date":"2019-07-12T07:43:27","date_gmt":"2019-07-12T06:43:27","guid":{"rendered":"http:\/\/gunnarsson.biz\/ljungpress\/?page_id=199"},"modified":"2023-05-21T12:26:03","modified_gmt":"2023-05-21T11:26:03","slug":"sveriges-laaangsta-loppis","status":"publish","type":"page","link":"https:\/\/gunnarsson.biz\/ljungpress\/?page_id=199","title":{"rendered":"Sveriges l\u00e4\u00e4\u00e4ngsta loppis 2023."},"content":{"rendered":"<p>Det ser ut att bli en ny <a href=\"https:\/\/ljungandalsv\u00e4gen.se\/sveriges-laaangsta-loppis-15-16-juli-2023\/\" target=\"_blank\" rel=\"noopener\"><strong>SVERIGES L\u00c4\u00c4\u00c4NGSTA LOPPIS <\/strong><\/a>2023 15-16 juli. kl: 10-17 b\u00e5da dagarna.<br \/>\n<em>&#8221;Packa solglas\u00f6gonen och ge dig ut p\u00e5 en 14 mil l\u00e5ng fyndresa. F\u00f6r \u00e5ttonde \u00e5ret i rad arrangeras Sveriges l\u00e4ngsta, och kanske vackraste, loppis. <\/em><br \/>\n<em>Packa med pl\u00e5nboken, fyndsinnet och solglas\u00f6gonen \u2013 vi r\u00e4knar med str\u00e5lande v\u00e4der.\u00a0Loppisar fr\u00e5n Matfors till Vallen i Haver\u00f6! 14 mil l\u00e5ng loppis!&#8221;<\/em><\/p>\n<p><strong><br \/>\nSVERIGES L\u00c4\u00c4\u00c4NGSTA LOPPIS 7-8 augusti 2021 \u00e4r numera avklarad och var v\u00e4l lyckad av vad jag kan f\u00f6rst\u00e5.<br \/>\n<\/strong><a href=\"https:\/\/www.st.nu\/artikel\/sju-mil-vag-kantas-med-loppisar-arrangoren-galet-stort-intresse-i-ar\" target=\"_blank\" rel=\"noopener\"><em>Sju mil v\u00e4g kantas med loppisar \u2013 arrang\u00f6ren: &#8221;Galet stort intresse i \u00e5r&#8221;<\/em><\/a><br \/>\nV\u00e4l m\u00f6tt n\u00e4sta \u00e5r, detaljer om loppis hittar du s\u00e5 sm\u00e5ningom p\u00e5 arrang\u00f6rens hemsida:<br \/>\n<a href=\"http:\/\/ljungandalsv\u00e4gen.se\/\" target=\"_blank\" rel=\"noopener\"><strong>LJUNGANDALSV\u00c4GEN.SE<\/strong><\/a><\/p>\n<p><del><strong><span style=\"text-decoration: underline;\">Ifjol blev det som kanske bekant inst\u00e4llt p.g.a coronan..<br \/>\n<\/span><\/strong><a href=\"https:\/\/www.st.nu\/artikel\/ingen-langloppis-i-ljungandalen-folkfesten-stalls-in-tar-sikte-pa-nasta-ar\"><em>&#8221;Ingen l\u00e5ngloppis i Ljungandalen \u2013 folkfesten st\u00e4lls in: &#8221;Tar sikte p\u00e5 n\u00e4sta \u00e5r&#8221;<\/em><\/a><\/del><\/p>\n<p><del>S\u00e5g nu att man planerar att genomf\u00f6ra loppisen i \u00e5r 2021.<\/del><br \/>\n<del><a href=\"http:\/\/ljungandalsv\u00e4gen.se\/sveriges-laaangsta-loppis-7-8-augusti-2021\/\" target=\"_blank\" rel=\"noopener\"><strong>&#8221;V\u00c4LKOMMEN P\u00c5 SVERIGES L\u00c4\u00c4\u00c4NGSTA LOPPIS 7-8 augusti!&#8221;<\/strong><\/a><\/del><\/p>\n<p><em>\u00a0<\/em><\/p>\n<p><del><span style=\"text-decoration: underline;\"><strong>Nu f\u00f6r sjunde \u00e5ret i rad.<\/strong><\/span><\/del><br \/>\n<del>18-19 Juli 2020 \u00e4r det dags igen f\u00f6r &#8221;Sveriges l\u00e4\u00e4\u00e4ngsta loppis&#8221; l\u00e4ngs Ljungandalen. Mer information och karta \u00f6ver loppisomr\u00e5det p\u00e5 <a href=\"http:\/\/ljungandalsv\u00e4gen.se\/sveriges-laaangsta-loppis-18-19-juli-2020\/\">Ljungandalsv\u00e4gen.se<\/a> och <a href=\"https:\/\/www.google.com\/maps\/d\/viewer?ll=62.45946127693989%2C16.258911600000033&amp;z=10&amp;fbclid=IwAR1gn6fuOJnhHEDufePNPUJ53p2KeacjVE1E94T-OlKE8Bg0svv4PNVnOYM&amp;mid=1BBV7HvmbojDzJ7kQeJQAyOQFmJA49m-Z\" target=\"_blank\" rel=\"noopener\">googlemaps<\/a>.<\/del><\/p>\n<div style=\"width: 691px\" class=\"wp-caption aligncenter\"><img loading=\"lazy\" decoding=\"async\" src=\"http:\/\/xn--ljungandalsvgen-clb.se\/wp-content\/uploads\/2018\/05\/Karta-Ljungandalsv%C3%A4gen-hela.jpg\" width=\"681\" height=\"428\" \/><p class=\"wp-caption-text\">Ljungandalsv\u00e4gens bild.<\/p><\/div>\n<p><del>I Ljungaverk finns en st\u00f6rre loppisyta ben\u00e4gen vid <a href=\"https:\/\/www.google.com\/maps\/place\/Karlsro+Flyers\/@62.4952664,16.0247865,14z\/data=!4m19!1m13!4m12!1m4!2m2!1d16.0342016!2d62.4828416!4e1!1m6!1m2!1s0x4665a31884ab4357:0x69ee6d7ad4669d66!2skarta+karlsro+flyers+ljungaverk!2m2!1d16.0363897!2d62.4949514!3m4!1s0x4665a31884ab4357:0x69ee6d7ad4669d66!8m2!3d62.4949514!4d16.0363897\" target=\"_blank\" rel=\"noopener\">Karlsro Flyers klubbstuga<\/a>.<\/del><br \/>\n<del> V\u00e4lkommen till Ljungaverk och <a href=\"https:\/\/www.google.com\/maps\/place\/Karlsro+Flyers\/@62.4952664,16.0247865,14z\/data=!4m19!1m13!4m12!1m4!2m2!1d16.0342016!2d62.4828416!4e1!1m6!1m2!1s0x4665a31884ab4357:0x69ee6d7ad4669d66!2skarta+karlsro+flyers+ljungaverk!2m2!1d16.0363897!2d62.4949514!3m4!1s0x4665a31884ab4357:0x69ee6d7ad4669d66!8m2!3d62.4949514!4d16.0363897\" target=\"_blank\" rel=\"noopener\">Karlsro Flyers<\/a><\/del><br \/>\n<del> <strong>Kontaktperson:<\/strong> Anki Str\u00f6m,070-282 17 13<\/del><br \/>\n<del> <strong>INFORMATION:<\/strong> Ta med eget bord eller s\u00e4lj fr\u00e5n bagageluckan p\u00e5 bilen. F\u00f6rs\u00e4ljning av korv med br\u00f6d och kaffe och kaka.<\/del><\/p>\n<p><del>Evenemanget fl\u00f6t p\u00e5 j\u00e4ttefint ifjol 2019 och lokala dagstidningen ST.nu skrev en artikel om det:<\/del><br \/>\n<a href=\"https:\/\/www.st.nu\/artikel\/atta-mil-av-fynd-langs-ljungandalsvagen-sveriges-langsta-loppis-lockade-shoppingsugna\" target=\"_blank\" rel=\"noopener\"><em><del>&#8221;\u00c5tta mil av fynd l\u00e4ngs Ljungandalsv\u00e4gen \u2013 Sveriges l\u00e4ngsta loppis lockade shoppingsugna&#8221;<\/del><br \/>\n<\/em><\/a><\/p>\n","protected":false},"excerpt":{"rendered":"<p>Det ser ut att bli en ny SVERIGES L\u00c4\u00c4\u00c4NGSTA LOPPIS 2023 15-16 juli. kl: 10-17 b\u00e5da dagarna. &#8221;Packa solglas\u00f6gonen och ge dig ut p\u00e5 en 14 mil l\u00e5ng fyndresa. F\u00f6r \u00e5ttonde \u00e5ret i rad arrangeras Sveriges l\u00e4ngsta, och kanske vackraste, loppis. Packa med pl\u00e5nboken, fyndsinnet och solglas\u00f6gonen \u2013 vi r\u00e4knar med str\u00e5lande v\u00e4der.\u00a0Loppisar fr\u00e5n Matfors [&hellip;]<\/p>\n","protected":false},"author":1,"featured_media":0,"parent":196,"menu_order":0,"comment_status":"closed","ping_status":"closed","template":"","meta":{"footnotes":""},"class_list":["post-199","page","type-page","status-publish","hentry"],"_links":{"self":[{"href":"https:\/\/gunnarsson.biz\/ljungpress\/index.php?rest_route=\/wp\/v2\/pages\/199","targetHints":{"allow":["GET"]}}],"collection":[{"href":"https:\/\/gunnarsson.biz\/ljungpress\/index.php?rest_route=\/wp\/v2\/pages"}],"about":[{"href":"https:\/\/gunnarsson.biz\/ljungpress\/index.php?rest_route=\/wp\/v2\/types\/page"}],"author":[{"embeddable":true,"href":"https:\/\/gunnarsson.biz\/ljungpress\/index.php?rest_route=\/wp\/v2\/users\/1"}],"replies":[{"embeddable":true,"href":"https:\/\/gunnarsson.biz\/ljungpress\/index.php?rest_route=%2Fwp%2Fv2%2Fcomments&post=199"}],"version-history":[{"count":14,"href":"https:\/\/gunnarsson.biz\/ljungpress\/index.php?rest_route=\/wp\/v2\/pages\/199\/revisions"}],"predecessor-version":[{"id":401,"href":"https:\/\/gunnarsson.biz\/ljungpress\/index.php?rest_route=\/wp\/v2\/pages\/199\/revisions\/401"}],"up":[{"embeddable":true,"href":"https:\/\/gunnarsson.biz\/ljungpress\/index.php?rest_route=\/wp\/v2\/pages\/196"}],"wp:attachment":[{"href":"https:\/\/gunnarsson.biz\/ljungpress\/index.php?rest_route=%2Fwp%2Fv2%2Fmedia&parent=199"}],"curies":[{"name":"wp","href":"https:\/\/api.w.org\/{rel}","templated":true}]}}