{"id":177,"date":"2019-07-02T15:26:35","date_gmt":"2019-07-02T14:26:35","guid":{"rendered":"http:\/\/gunnarsson.biz\/ljungpress\/?page_id=177"},"modified":"2019-07-02T16:14:13","modified_gmt":"2019-07-02T15:14:13","slug":"ljunga-museum","status":"publish","type":"page","link":"https:\/\/gunnarsson.biz\/ljungpress\/?page_id=177","title":{"rendered":"Ljunga Museum"},"content":{"rendered":"<p>Ljungaverk, kemiindustrins vagga brukar man s\u00e4ga.<br \/>\nEtt museum h\u00e5ller p\u00e5 att byggas upp inne p\u00e5 gamla industriomr\u00e5det d\u00e4r man tidigare tillverkat allehanda kemikalier, Kisel, Salpetersyra, kv\u00e4ve, syre, ammoniak, nitrat mm. Det talas ocks\u00e5 om icke offentliggjord produktion av tungt vatten och Zyklon-B inne p\u00e5 omr\u00e5det, st\u00e4mmer dessa gamla skr\u00f6nor man h\u00f6rde under uppv\u00e4xten h\u00e4r i byn?<\/p>\n<p>Kanske ett bes\u00f6k p\u00e5 Ljunga Museum kan ge svar p\u00e5 eventuella fr\u00e5gor?<br \/>\n\u00c4r man intresserad av kemiindustrins historia s\u00e5 rekommenderar jag varmt ett bes\u00f6k, helst med \u00e4garen som \u00e4 en f\u00e4ngslande ber\u00e4ttare.<br \/>\nJag bes\u00f6kte sj\u00e4lv det gamla museet som fanns p\u00e5 &#8221;m\u00e4ssen&#8221; h\u00f6sten 2017, om detta bes\u00f6k kan du l\u00e4sa <a href=\"http:\/\/gunnarsson.biz\/blogg\/?p=5528\" target=\"_blank\">H\u00c4R<\/a>.<\/p>\n","protected":false},"excerpt":{"rendered":"<p>Ljungaverk, kemiindustrins vagga brukar man s\u00e4ga. Ett museum h\u00e5ller p\u00e5 att byggas upp inne p\u00e5 gamla industriomr\u00e5det d\u00e4r man tidigare tillverkat allehanda kemikalier, Kisel, Salpetersyra, kv\u00e4ve, syre, ammoniak, nitrat mm. Det talas ocks\u00e5 om icke offentliggjord produktion av tungt vatten och Zyklon-B inne p\u00e5 omr\u00e5det, st\u00e4mmer dessa gamla skr\u00f6nor man h\u00f6rde under uppv\u00e4xten h\u00e4r i [&hellip;]<\/p>\n","protected":false},"author":1,"featured_media":0,"parent":19,"menu_order":0,"comment_status":"closed","ping_status":"closed","template":"","meta":{"footnotes":""},"class_list":["post-177","page","type-page","status-publish","hentry"],"_links":{"self":[{"href":"https:\/\/gunnarsson.biz\/ljungpress\/index.php?rest_route=\/wp\/v2\/pages\/177","targetHints":{"allow":["GET"]}}],"collection":[{"href":"https:\/\/gunnarsson.biz\/ljungpress\/index.php?rest_route=\/wp\/v2\/pages"}],"about":[{"href":"https:\/\/gunnarsson.biz\/ljungpress\/index.php?rest_route=\/wp\/v2\/types\/page"}],"author":[{"embeddable":true,"href":"https:\/\/gunnarsson.biz\/ljungpress\/index.php?rest_route=\/wp\/v2\/users\/1"}],"replies":[{"embeddable":true,"href":"https:\/\/gunnarsson.biz\/ljungpress\/index.php?rest_route=%2Fwp%2Fv2%2Fcomments&post=177"}],"version-history":[{"count":2,"href":"https:\/\/gunnarsson.biz\/ljungpress\/index.php?rest_route=\/wp\/v2\/pages\/177\/revisions"}],"predecessor-version":[{"id":183,"href":"https:\/\/gunnarsson.biz\/ljungpress\/index.php?rest_route=\/wp\/v2\/pages\/177\/revisions\/183"}],"up":[{"embeddable":true,"href":"https:\/\/gunnarsson.biz\/ljungpress\/index.php?rest_route=\/wp\/v2\/pages\/19"}],"wp:attachment":[{"href":"https:\/\/gunnarsson.biz\/ljungpress\/index.php?rest_route=%2Fwp%2Fv2%2Fmedia&parent=177"}],"curies":[{"name":"wp","href":"https:\/\/api.w.org\/{rel}","templated":true}]}}