{"id":173,"date":"2019-07-02T13:08:51","date_gmt":"2019-07-02T12:08:51","guid":{"rendered":"http:\/\/gunnarsson.biz\/ljungpress\/?page_id=173"},"modified":"2019-07-14T19:50:44","modified_gmt":"2019-07-14T18:50:44","slug":"vagabondo","status":"publish","type":"page","link":"https:\/\/gunnarsson.biz\/ljungpress\/?page_id=173","title":{"rendered":"Vagabondo"},"content":{"rendered":"<p>Pizzeria i Fr\u00e4nsta som ocks\u00e5 har ala carte, (\u00e4ven &#8221;h\u00e4mtpizza&#8221;) \u00e4r ben\u00e4gen i det gamla s.k La Fina-huset som gammalt tillbaks hyste ett apotek. F\u00e5r ni m\u00f6jlighet b\u00f6r ni bes\u00f6ka sj\u00e4lva matsalen d\u00e4r det \u00e4r ett minst sagt unikt och fint tak.<br \/>\nWebbmaster rekommenderar varmt pizzan Romantica med en bearnicesauce som \u00e4r som balsam f\u00f6r sj\u00e4len och magen.<br \/>\n<a href=\"http:\/\/gunnarsson.biz\/ljungpress\/wp-content\/uploads\/2019\/07\/vagabondo_Lafinahuset.jpg\"><img loading=\"lazy\" decoding=\"async\" class=\"aligncenter size-full wp-image-203\" src=\"http:\/\/gunnarsson.biz\/ljungpress\/wp-content\/uploads\/2019\/07\/vagabondo_Lafinahuset.jpg\" alt=\"vagabondo_Lafinahuset\" width=\"1286\" height=\"630\" srcset=\"https:\/\/gunnarsson.biz\/ljungpress\/wp-content\/uploads\/2019\/07\/vagabondo_Lafinahuset.jpg 1286w, https:\/\/gunnarsson.biz\/ljungpress\/wp-content\/uploads\/2019\/07\/vagabondo_Lafinahuset-300x147.jpg 300w, https:\/\/gunnarsson.biz\/ljungpress\/wp-content\/uploads\/2019\/07\/vagabondo_Lafinahuset-768x376.jpg 768w, https:\/\/gunnarsson.biz\/ljungpress\/wp-content\/uploads\/2019\/07\/vagabondo_Lafinahuset-1024x502.jpg 1024w, https:\/\/gunnarsson.biz\/ljungpress\/wp-content\/uploads\/2019\/07\/vagabondo_Lafinahuset-624x306.jpg 624w\" sizes=\"auto, (max-width: 1286px) 100vw, 1286px\" \/><\/a><\/p>\n","protected":false},"excerpt":{"rendered":"<p>Pizzeria i Fr\u00e4nsta som ocks\u00e5 har ala carte, (\u00e4ven &#8221;h\u00e4mtpizza&#8221;) \u00e4r ben\u00e4gen i det gamla s.k La Fina-huset som gammalt tillbaks hyste ett apotek. F\u00e5r ni m\u00f6jlighet b\u00f6r ni bes\u00f6ka sj\u00e4lva matsalen d\u00e4r det \u00e4r ett minst sagt unikt och fint tak. Webbmaster rekommenderar varmt pizzan Romantica med en bearnicesauce som \u00e4r som balsam f\u00f6r [&hellip;]<\/p>\n","protected":false},"author":1,"featured_media":0,"parent":40,"menu_order":0,"comment_status":"closed","ping_status":"closed","template":"","meta":{"footnotes":""},"class_list":["post-173","page","type-page","status-publish","hentry"],"_links":{"self":[{"href":"https:\/\/gunnarsson.biz\/ljungpress\/index.php?rest_route=\/wp\/v2\/pages\/173","targetHints":{"allow":["GET"]}}],"collection":[{"href":"https:\/\/gunnarsson.biz\/ljungpress\/index.php?rest_route=\/wp\/v2\/pages"}],"about":[{"href":"https:\/\/gunnarsson.biz\/ljungpress\/index.php?rest_route=\/wp\/v2\/types\/page"}],"author":[{"embeddable":true,"href":"https:\/\/gunnarsson.biz\/ljungpress\/index.php?rest_route=\/wp\/v2\/users\/1"}],"replies":[{"embeddable":true,"href":"https:\/\/gunnarsson.biz\/ljungpress\/index.php?rest_route=%2Fwp%2Fv2%2Fcomments&post=173"}],"version-history":[{"count":6,"href":"https:\/\/gunnarsson.biz\/ljungpress\/index.php?rest_route=\/wp\/v2\/pages\/173\/revisions"}],"predecessor-version":[{"id":207,"href":"https:\/\/gunnarsson.biz\/ljungpress\/index.php?rest_route=\/wp\/v2\/pages\/173\/revisions\/207"}],"up":[{"embeddable":true,"href":"https:\/\/gunnarsson.biz\/ljungpress\/index.php?rest_route=\/wp\/v2\/pages\/40"}],"wp:attachment":[{"href":"https:\/\/gunnarsson.biz\/ljungpress\/index.php?rest_route=%2Fwp%2Fv2%2Fmedia&parent=173"}],"curies":[{"name":"wp","href":"https:\/\/api.w.org\/{rel}","templated":true}]}}