{"id":171,"date":"2019-07-02T13:05:31","date_gmt":"2019-07-02T12:05:31","guid":{"rendered":"http:\/\/gunnarsson.biz\/ljungpress\/?page_id=171"},"modified":"2023-05-21T14:44:54","modified_gmt":"2023-05-21T13:44:54","slug":"skidstadion-joggingspar","status":"publish","type":"page","link":"https:\/\/gunnarsson.biz\/ljungpress\/?page_id=171","title":{"rendered":"Skidstadion &#8211; Joggingsp\u00e5r"},"content":{"rendered":"<p>I<a href=\"https:\/\/www.skidspar.se\/vasternorrland\/ange\/kallra#\" target=\"_blank\" rel=\"noopener\"> K\u00e4llr\u00e5<\/a> finns en <a href=\"https:\/\/www.hitta.se\/kartan!~62.48762,16.04407,15z\/tr!i=uo88o7xT\/geocode!l=62.48432:16.03965\" target=\"_blank\" rel=\"noopener\">skidstadion<\/a> med elljussp\u00e5r som sk\u00f6ts om av JAIK, sp\u00e5ret fungerar \u00e4ven som jogging och promenadsp\u00e5r p\u00e5 sommaren.<\/p>\n<p>\u00a0<\/p>\n\n\n<figure class=\"wp-block-image size-large\"><a href=\"https:\/\/gunnarsson.biz\/ljungpress\/wp-content\/uploads\/2023\/05\/JAIK.png\"><img loading=\"lazy\" decoding=\"async\" width=\"137\" height=\"200\" src=\"https:\/\/gunnarsson.biz\/ljungpress\/wp-content\/uploads\/2023\/05\/JAIK.png\" alt=\"\" class=\"wp-image-411\"\/><\/a><\/figure>\n","protected":false},"excerpt":{"rendered":"<p>I K\u00e4llr\u00e5 finns en skidstadion med elljussp\u00e5r som sk\u00f6ts om av JAIK, sp\u00e5ret fungerar \u00e4ven som jogging och promenadsp\u00e5r p\u00e5 sommaren. \u00a0<\/p>\n","protected":false},"author":1,"featured_media":0,"parent":83,"menu_order":0,"comment_status":"closed","ping_status":"closed","template":"","meta":{"footnotes":""},"class_list":["post-171","page","type-page","status-publish","hentry"],"_links":{"self":[{"href":"https:\/\/gunnarsson.biz\/ljungpress\/index.php?rest_route=\/wp\/v2\/pages\/171","targetHints":{"allow":["GET"]}}],"collection":[{"href":"https:\/\/gunnarsson.biz\/ljungpress\/index.php?rest_route=\/wp\/v2\/pages"}],"about":[{"href":"https:\/\/gunnarsson.biz\/ljungpress\/index.php?rest_route=\/wp\/v2\/types\/page"}],"author":[{"embeddable":true,"href":"https:\/\/gunnarsson.biz\/ljungpress\/index.php?rest_route=\/wp\/v2\/users\/1"}],"replies":[{"embeddable":true,"href":"https:\/\/gunnarsson.biz\/ljungpress\/index.php?rest_route=%2Fwp%2Fv2%2Fcomments&post=171"}],"version-history":[{"count":3,"href":"https:\/\/gunnarsson.biz\/ljungpress\/index.php?rest_route=\/wp\/v2\/pages\/171\/revisions"}],"predecessor-version":[{"id":412,"href":"https:\/\/gunnarsson.biz\/ljungpress\/index.php?rest_route=\/wp\/v2\/pages\/171\/revisions\/412"}],"up":[{"embeddable":true,"href":"https:\/\/gunnarsson.biz\/ljungpress\/index.php?rest_route=\/wp\/v2\/pages\/83"}],"wp:attachment":[{"href":"https:\/\/gunnarsson.biz\/ljungpress\/index.php?rest_route=%2Fwp%2Fv2%2Fmedia&parent=171"}],"curies":[{"name":"wp","href":"https:\/\/api.w.org\/{rel}","templated":true}]}}