{"id":169,"date":"2019-07-02T12:38:09","date_gmt":"2019-07-02T11:38:09","guid":{"rendered":"http:\/\/gunnarsson.biz\/ljungpress\/?page_id=169"},"modified":"2019-07-02T12:39:57","modified_gmt":"2019-07-02T11:39:57","slug":"ljungaparken","status":"publish","type":"page","link":"https:\/\/gunnarsson.biz\/ljungpress\/?page_id=169","title":{"rendered":"Ljungaparken"},"content":{"rendered":"<p><a href=\"https:\/\/www.hitta.se\/kartan\/pl\/Ljungaverk!~62.49307,16.05939,15z\/tr!i=KGQLYjqD\/search!st=plc!q=Ljungaverk!b=53.95609:-9.49219,69.73333:25.00488!t=combined\/geocode!l=62.49147:16.04927\" target=\"_blank\">&#8221;Parken&#8221; i Ljungaverk<\/a> \u00e4r ett gr\u00f6nomr\u00e5de med lekpark f\u00f6r de sm\u00e5, fotbollsplan (Gr\u00e4s), grillplatser med tak\/vindskydd, dansbana, boulebana mm.<\/p>\n<p>Den \u00e4r v\u00e4lbes\u00f6kt av sm\u00e5barnsfamiljer och popul\u00e4rt bland v\u00e5ra \u00e4ldre som regelbundet spelar boule d\u00e4r. Grillm\u00f6jligheterna lockar bes\u00f6kare b\u00e5de sommar som vinter.<\/p>\n","protected":false},"excerpt":{"rendered":"<p>&#8221;Parken&#8221; i Ljungaverk \u00e4r ett gr\u00f6nomr\u00e5de med lekpark f\u00f6r de sm\u00e5, fotbollsplan (Gr\u00e4s), grillplatser med tak\/vindskydd, dansbana, boulebana mm. Den \u00e4r v\u00e4lbes\u00f6kt av sm\u00e5barnsfamiljer och popul\u00e4rt bland v\u00e5ra \u00e4ldre som regelbundet spelar boule d\u00e4r. Grillm\u00f6jligheterna lockar bes\u00f6kare b\u00e5de sommar som vinter.<\/p>\n","protected":false},"author":1,"featured_media":0,"parent":83,"menu_order":0,"comment_status":"closed","ping_status":"closed","template":"","meta":{"footnotes":""},"class_list":["post-169","page","type-page","status-publish","hentry"],"_links":{"self":[{"href":"https:\/\/gunnarsson.biz\/ljungpress\/index.php?rest_route=\/wp\/v2\/pages\/169","targetHints":{"allow":["GET"]}}],"collection":[{"href":"https:\/\/gunnarsson.biz\/ljungpress\/index.php?rest_route=\/wp\/v2\/pages"}],"about":[{"href":"https:\/\/gunnarsson.biz\/ljungpress\/index.php?rest_route=\/wp\/v2\/types\/page"}],"author":[{"embeddable":true,"href":"https:\/\/gunnarsson.biz\/ljungpress\/index.php?rest_route=\/wp\/v2\/users\/1"}],"replies":[{"embeddable":true,"href":"https:\/\/gunnarsson.biz\/ljungpress\/index.php?rest_route=%2Fwp%2Fv2%2Fcomments&post=169"}],"version-history":[{"count":1,"href":"https:\/\/gunnarsson.biz\/ljungpress\/index.php?rest_route=\/wp\/v2\/pages\/169\/revisions"}],"predecessor-version":[{"id":170,"href":"https:\/\/gunnarsson.biz\/ljungpress\/index.php?rest_route=\/wp\/v2\/pages\/169\/revisions\/170"}],"up":[{"embeddable":true,"href":"https:\/\/gunnarsson.biz\/ljungpress\/index.php?rest_route=\/wp\/v2\/pages\/83"}],"wp:attachment":[{"href":"https:\/\/gunnarsson.biz\/ljungpress\/index.php?rest_route=%2Fwp%2Fv2%2Fmedia&parent=169"}],"curies":[{"name":"wp","href":"https:\/\/api.w.org\/{rel}","templated":true}]}}