{"id":167,"date":"2019-07-02T12:31:09","date_gmt":"2019-07-02T11:31:09","guid":{"rendered":"http:\/\/gunnarsson.biz\/ljungpress\/?page_id=167"},"modified":"2021-05-19T18:52:29","modified_gmt":"2021-05-19T17:52:29","slug":"badplatser","status":"publish","type":"page","link":"https:\/\/gunnarsson.biz\/ljungpress\/?page_id=167","title":{"rendered":"Badplatser"},"content":{"rendered":"<p>Naturligtvis finns det allm\u00e4n badplats i byn, en officiell (<a href=\"https:\/\/www.hitta.se\/kartan\/pl\/Ljungaverk!~62.49022,16.08304,14z\/tr!i=KGQLYjqD\/search!st=plc!q=Ljungaverk!b=53.95609:-9.49219,69.73333:25.00488!t=combined\" target=\"_blank\">N\u00e4set<\/a>) med sandstrand som nyligen snyggats till av ideella krafter i byn.<\/p>\n<div id=\"attachment_227\" style=\"width: 510px\" class=\"wp-caption aligncenter\"><a href=\"http:\/\/gunnarsson.biz\/ljungpress\/wp-content\/uploads\/2019\/07\/benken-e1566394611852.jpg\"><img loading=\"lazy\" decoding=\"async\" aria-describedby=\"caption-attachment-227\" class=\"size-full wp-image-227\" src=\"http:\/\/gunnarsson.biz\/ljungpress\/wp-content\/uploads\/2019\/07\/benken-e1566394611852.jpg\" alt=\"Det finns bilv\u00e4g \u00e4nda fram till N\u00e4sets badplats.\" width=\"500\" height=\"500\" \/><\/a><p id=\"caption-attachment-227\" class=\"wp-caption-text\">Det finns bilv\u00e4g \u00e4nda fram till N\u00e4sets badplats.<\/p><\/div>\n<div id=\"attachment_228\" style=\"width: 510px\" class=\"wp-caption aligncenter\"><a href=\"http:\/\/gunnarsson.biz\/ljungpress\/wp-content\/uploads\/2019\/07\/benken_brygga.jpg\"><img loading=\"lazy\" decoding=\"async\" aria-describedby=\"caption-attachment-228\" class=\"size-full wp-image-228\" src=\"http:\/\/gunnarsson.biz\/ljungpress\/wp-content\/uploads\/2019\/07\/benken_brygga.jpg\" alt=\"Det finns nybyggda bryggor och en plats att fika p\u00e5.\" width=\"500\" height=\"312\" srcset=\"https:\/\/gunnarsson.biz\/ljungpress\/wp-content\/uploads\/2019\/07\/benken_brygga.jpg 500w, https:\/\/gunnarsson.biz\/ljungpress\/wp-content\/uploads\/2019\/07\/benken_brygga-300x187.jpg 300w\" sizes=\"auto, (max-width: 500px) 100vw, 500px\" \/><\/a><p id=\"caption-attachment-228\" class=\"wp-caption-text\">Det finns nybyggda bryggor och en plats att fika p\u00e5.<\/p><\/div>\n<div id=\"attachment_229\" style=\"width: 510px\" class=\"wp-caption aligncenter\"><a href=\"http:\/\/gunnarsson.biz\/ljungpress\/wp-content\/uploads\/2019\/07\/ombyteshytt.jpg\"><img loading=\"lazy\" decoding=\"async\" aria-describedby=\"caption-attachment-229\" class=\"size-full wp-image-229\" src=\"http:\/\/gunnarsson.biz\/ljungpress\/wp-content\/uploads\/2019\/07\/ombyteshytt.jpg\" alt=\"En badhytt finns ocks\u00e5 f\u00f6r att byta om till badkl\u00e4der och vice versa.\" width=\"500\" height=\"375\" srcset=\"https:\/\/gunnarsson.biz\/ljungpress\/wp-content\/uploads\/2019\/07\/ombyteshytt.jpg 500w, https:\/\/gunnarsson.biz\/ljungpress\/wp-content\/uploads\/2019\/07\/ombyteshytt-300x225.jpg 300w\" sizes=\"auto, (max-width: 500px) 100vw, 500px\" \/><\/a><p id=\"caption-attachment-229\" class=\"wp-caption-text\">En badhytt finns ocks\u00e5 f\u00f6r att byta om till badkl\u00e4der och vice versa.<\/p><\/div>\n<div id=\"attachment_230\" style=\"width: 510px\" class=\"wp-caption aligncenter\"><a href=\"http:\/\/gunnarsson.biz\/ljungpress\/wp-content\/uploads\/2019\/07\/toa.jpg\"><img loading=\"lazy\" decoding=\"async\" aria-describedby=\"caption-attachment-230\" class=\"size-full wp-image-230\" src=\"http:\/\/gunnarsson.biz\/ljungpress\/wp-content\/uploads\/2019\/07\/toa.jpg\" alt=\"Spartansk toalett finns ocks\u00e5.\" width=\"500\" height=\"500\" srcset=\"https:\/\/gunnarsson.biz\/ljungpress\/wp-content\/uploads\/2019\/07\/toa.jpg 500w, https:\/\/gunnarsson.biz\/ljungpress\/wp-content\/uploads\/2019\/07\/toa-150x150.jpg 150w, https:\/\/gunnarsson.biz\/ljungpress\/wp-content\/uploads\/2019\/07\/toa-300x300.jpg 300w\" sizes=\"auto, (max-width: 500px) 100vw, 500px\" \/><\/a><p id=\"caption-attachment-230\" class=\"wp-caption-text\">Spartansk toalett finns ocks\u00e5.<\/p><\/div>\n<p>En annan lite mer inofficiell p\u00e5 klipph\u00e4llorna en bit uppstr\u00f6ms Ljungan <a href=\"https:\/\/www.hitta.se\/kartan\/pl\/Ljungaverk!~62.49659,16.05377,16z\/tr!i=KGQLYjqD\/search!st=plc!q=Ljungaverk!b=53.95609:-9.49219,69.73333:25.00488!t=combined\/geocode!l=62.49552:16.04884\" target=\"_blank\">nedanf\u00f6r Ljungav\u00e4gen\/\u00c4ngsv\u00e4gen, &#8221;Forsen&#8221;<\/a> allm\u00e4nt kallad.\u00a0 Jag har dessv\u00e4rre inga bra foton d\u00e4rifr\u00e5n, men gruppen &#8221;Stiftelsen&#8221; f\u00e5r illustrera Forsen med sitt skivkonvolut tills vidare eftersom det \u00e4r just den forsen dom tagit bilderna. (Jag hoppas dom inte har n\u00e5got emot det och att jag inte satt ut fotografens namn som jag inte lyckats hitta)<\/p>\n<div id=\"attachment_232\" style=\"width: 510px\" class=\"wp-caption aligncenter\"><a href=\"http:\/\/gunnarsson.biz\/ljungpress\/wp-content\/uploads\/2019\/07\/dopet.jpg\"><img loading=\"lazy\" decoding=\"async\" aria-describedby=\"caption-attachment-232\" class=\"size-full wp-image-232\" src=\"http:\/\/gunnarsson.biz\/ljungpress\/wp-content\/uploads\/2019\/07\/dopet.jpg\" alt=\"Skivkonvolut fr\u00e5n &quot;Forsen&quot; i Ljungaverk\" width=\"500\" height=\"500\" srcset=\"https:\/\/gunnarsson.biz\/ljungpress\/wp-content\/uploads\/2019\/07\/dopet.jpg 500w, https:\/\/gunnarsson.biz\/ljungpress\/wp-content\/uploads\/2019\/07\/dopet-150x150.jpg 150w, https:\/\/gunnarsson.biz\/ljungpress\/wp-content\/uploads\/2019\/07\/dopet-300x300.jpg 300w\" sizes=\"auto, (max-width: 500px) 100vw, 500px\" \/><\/a><p id=\"caption-attachment-232\" class=\"wp-caption-text\">Skivkonvolut fr\u00e5n &#8221;Forsen&#8221; i Ljungaverk<\/p><\/div>\n<div id=\"attachment_233\" style=\"width: 510px\" class=\"wp-caption aligncenter\"><a href=\"http:\/\/gunnarsson.biz\/ljungpress\/wp-content\/uploads\/2019\/07\/stiftelsen_forsen.jpg\"><img loading=\"lazy\" decoding=\"async\" aria-describedby=\"caption-attachment-233\" class=\"size-full wp-image-233\" src=\"http:\/\/gunnarsson.biz\/ljungpress\/wp-content\/uploads\/2019\/07\/stiftelsen_forsen.jpg\" alt=\"Ett annat foto fr\u00e5n samma st\u00e4lle.\" width=\"500\" height=\"250\" srcset=\"https:\/\/gunnarsson.biz\/ljungpress\/wp-content\/uploads\/2019\/07\/stiftelsen_forsen.jpg 500w, https:\/\/gunnarsson.biz\/ljungpress\/wp-content\/uploads\/2019\/07\/stiftelsen_forsen-300x150.jpg 300w\" sizes=\"auto, (max-width: 500px) 100vw, 500px\" \/><\/a><p id=\"caption-attachment-233\" class=\"wp-caption-text\">Ett annat foto fr\u00e5n samma st\u00e4lle.<\/p><\/div>\n","protected":false},"excerpt":{"rendered":"<p>Naturligtvis finns det allm\u00e4n badplats i byn, en officiell (N\u00e4set) med sandstrand som nyligen snyggats till av ideella krafter i byn. En annan lite mer inofficiell p\u00e5 klipph\u00e4llorna en bit uppstr\u00f6ms Ljungan nedanf\u00f6r Ljungav\u00e4gen\/\u00c4ngsv\u00e4gen, &#8221;Forsen&#8221; allm\u00e4nt kallad.\u00a0 Jag har dessv\u00e4rre inga bra foton d\u00e4rifr\u00e5n, men gruppen &#8221;Stiftelsen&#8221; f\u00e5r illustrera Forsen med sitt skivkonvolut tills vidare [&hellip;]<\/p>\n","protected":false},"author":1,"featured_media":0,"parent":83,"menu_order":0,"comment_status":"closed","ping_status":"closed","template":"","meta":{"footnotes":""},"class_list":["post-167","page","type-page","status-publish","hentry"],"_links":{"self":[{"href":"https:\/\/gunnarsson.biz\/ljungpress\/index.php?rest_route=\/wp\/v2\/pages\/167","targetHints":{"allow":["GET"]}}],"collection":[{"href":"https:\/\/gunnarsson.biz\/ljungpress\/index.php?rest_route=\/wp\/v2\/pages"}],"about":[{"href":"https:\/\/gunnarsson.biz\/ljungpress\/index.php?rest_route=\/wp\/v2\/types\/page"}],"author":[{"embeddable":true,"href":"https:\/\/gunnarsson.biz\/ljungpress\/index.php?rest_route=\/wp\/v2\/users\/1"}],"replies":[{"embeddable":true,"href":"https:\/\/gunnarsson.biz\/ljungpress\/index.php?rest_route=%2Fwp%2Fv2%2Fcomments&post=167"}],"version-history":[{"count":3,"href":"https:\/\/gunnarsson.biz\/ljungpress\/index.php?rest_route=\/wp\/v2\/pages\/167\/revisions"}],"predecessor-version":[{"id":234,"href":"https:\/\/gunnarsson.biz\/ljungpress\/index.php?rest_route=\/wp\/v2\/pages\/167\/revisions\/234"}],"up":[{"embeddable":true,"href":"https:\/\/gunnarsson.biz\/ljungpress\/index.php?rest_route=\/wp\/v2\/pages\/83"}],"wp:attachment":[{"href":"https:\/\/gunnarsson.biz\/ljungpress\/index.php?rest_route=%2Fwp%2Fv2%2Fmedia&parent=167"}],"curies":[{"name":"wp","href":"https:\/\/api.w.org\/{rel}","templated":true}]}}