{"id":164,"date":"2019-07-02T12:20:22","date_gmt":"2019-07-02T11:20:22","guid":{"rendered":"http:\/\/gunnarsson.biz\/ljungpress\/?page_id=164"},"modified":"2021-05-25T11:41:47","modified_gmt":"2021-05-25T10:41:47","slug":"karlsro-flyers-gabingo-mm","status":"publish","type":"page","link":"https:\/\/gunnarsson.biz\/ljungpress\/?page_id=164","title":{"rendered":"Karlsro Flyers &#8211; G\u00e5bingo mm"},"content":{"rendered":"\n<p>I Ljungaverk finns en motor\/raggarklubb vid namn <a rel=\"noreferrer noopener\" href=\"http:\/\/www.karlsroflyers.se\/\" target=\"_blank\">Karlsro Flyers<\/a> som bildades s\u00e5 tidigt som 1977, klubben hamnade lite i malp\u00e5se under 90-talet men \u00e4r nu aktiv igen sedan ~25 \u00e5r och antagligen den f\u00f6rening i byn som det \u00e4r mest driv i. Det anordnas bl.a biltr\u00e4ff varje \u00e5r sista helgen i augusti (<a rel=\"noreferrer noopener\" href=\"http:\/\/www.karlsroflyers.se\/end-of-summer-meet-3661253\" target=\"_blank\">End of Summer Meet<\/a>), <a rel=\"noreferrer noopener\" href=\"https:\/\/www.st.nu\/artikel\/ange-kommun\/karlsro-flyers-redo-for-ny-traff-epatraktorer-och-mopeder-i-fokus-ytterligare-bredd\" target=\"_blank\">EPA-tr\u00e4ff<\/a>, Veteran-Moped\/MC-tr\u00e4ff mm.<br>Under st\u00f6rre arrangemang som End of Summer Meet brukar man ocks\u00e5 uppl\u00e5ta plats kring klubbstugan som campingomr\u00e5de med tillg\u00e5ng till el, vatten, toalett och duschm\u00f6jligheter..<\/p>\n\n\n\n<p>Under sommaren brukar man arrangera Trimbingo\/g\u00e5bingo l\u00e4ngs tubenv\u00e4gen, startar g\u00f6r man vid <a rel=\"noreferrer noopener\" href=\"https:\/\/www.google.com\/maps\/dir\/Karlsro+Flyers,+Fridhemsgatan,+Ljungaverk\/karta+karlsro+flyers\/@62.4940092,16.0353094,15z\/data=!4m13!4m12!1m5!1m1!1s0x4665a31884ab4357:0x69ee6d7ad4669d66!2m2!1d16.0363897!2d62.4949514!1m5!1m1!1s0x4665a31884ab4357:0x69ee6d7ad4669d66!2m2!1d16.0363897!2d62.4949514\" target=\"_blank\">Karlsro Flyers klubbstuga<\/a>, sen g\u00e5r man upp till Put and Take-dammen i Johannisberg och tillbaks.<br>Ev \u00e4ndringar kan du l\u00e4sa om p\u00e5 <a href=\"https:\/\/www.facebook.com\/KarlsroFlyers\" target=\"_blank\" rel=\"noreferrer noopener\">Karlsro Flyers Facebook-sida.<\/a><\/p>\n\n\n\n<iframe loading=\"lazy\" src=\"https:\/\/www.facebook.com\/plugins\/post.php?href=https%3A%2F%2Fwww.facebook.com%2FKarlsroFlyers%2Fposts%2F3852871394834650&amp;show_text=true&amp;width=500\" style=\"border:none;overflow:hidden\" scrolling=\"no\" allowfullscreen=\"true\" allow=\"autoplay; clipboard-write; encrypted-media; picture-in-picture; web-share\" width=\"500\" height=\"474\" frameborder=\"0\"><\/iframe>\n\n\n<p><a href=\"http:\/\/gunnarsson.biz\/ljungpress\/wp-content\/uploads\/2019\/07\/BINGO.jpg\"><img loading=\"lazy\" decoding=\"async\" class=\"aligncenter size-full wp-image-165\" src=\"http:\/\/gunnarsson.biz\/ljungpress\/wp-content\/uploads\/2019\/07\/BINGO.jpg\" alt=\"BINGO\" width=\"1167\" height=\"758\" srcset=\"https:\/\/gunnarsson.biz\/ljungpress\/wp-content\/uploads\/2019\/07\/BINGO.jpg 1167w, https:\/\/gunnarsson.biz\/ljungpress\/wp-content\/uploads\/2019\/07\/BINGO-300x195.jpg 300w, https:\/\/gunnarsson.biz\/ljungpress\/wp-content\/uploads\/2019\/07\/BINGO-768x499.jpg 768w, https:\/\/gunnarsson.biz\/ljungpress\/wp-content\/uploads\/2019\/07\/BINGO-1024x665.jpg 1024w, https:\/\/gunnarsson.biz\/ljungpress\/wp-content\/uploads\/2019\/07\/BINGO-624x405.jpg 624w\" sizes=\"auto, (max-width: 1167px) 100vw, 1167px\" \/><\/a>Trimbingon utg\u00e5r fr\u00e5n Karlsro flyers klubbstuga. Bingobrickan k\u00f6per du p\u00e5 onsdagar i klubbstugan fr\u00e5n kl 19.00. <br \/>Spelar g\u00f6r du n\u00e4r du k\u00e4nner f\u00f6r att promenera den angivna str\u00e4ckan. <br \/>Den 2\/6 b\u00f6rjar f\u00f6rs\u00e4ljningen kl 17.00. D\u00e4refter blir det kl 19.00<br \/>L\u00e4ngd ~3km.<\/p>","protected":false},"excerpt":{"rendered":"<p>I Ljungaverk finns en motor\/raggarklubb vid namn Karlsro Flyers som bildades s\u00e5 tidigt som 1977, klubben hamnade lite i malp\u00e5se under 90-talet men \u00e4r nu aktiv igen sedan ~25 \u00e5r och antagligen den f\u00f6rening i byn som det \u00e4r mest driv i. Det anordnas bl.a biltr\u00e4ff varje \u00e5r sista helgen i augusti (End of Summer [&hellip;]<\/p>\n","protected":false},"author":1,"featured_media":0,"parent":83,"menu_order":0,"comment_status":"closed","ping_status":"closed","template":"","meta":{"footnotes":""},"class_list":["post-164","page","type-page","status-publish","hentry"],"_links":{"self":[{"href":"https:\/\/gunnarsson.biz\/ljungpress\/index.php?rest_route=\/wp\/v2\/pages\/164","targetHints":{"allow":["GET"]}}],"collection":[{"href":"https:\/\/gunnarsson.biz\/ljungpress\/index.php?rest_route=\/wp\/v2\/pages"}],"about":[{"href":"https:\/\/gunnarsson.biz\/ljungpress\/index.php?rest_route=\/wp\/v2\/types\/page"}],"author":[{"embeddable":true,"href":"https:\/\/gunnarsson.biz\/ljungpress\/index.php?rest_route=\/wp\/v2\/users\/1"}],"replies":[{"embeddable":true,"href":"https:\/\/gunnarsson.biz\/ljungpress\/index.php?rest_route=%2Fwp%2Fv2%2Fcomments&post=164"}],"version-history":[{"count":7,"href":"https:\/\/gunnarsson.biz\/ljungpress\/index.php?rest_route=\/wp\/v2\/pages\/164\/revisions"}],"predecessor-version":[{"id":333,"href":"https:\/\/gunnarsson.biz\/ljungpress\/index.php?rest_route=\/wp\/v2\/pages\/164\/revisions\/333"}],"up":[{"embeddable":true,"href":"https:\/\/gunnarsson.biz\/ljungpress\/index.php?rest_route=\/wp\/v2\/pages\/83"}],"wp:attachment":[{"href":"https:\/\/gunnarsson.biz\/ljungpress\/index.php?rest_route=%2Fwp%2Fv2%2Fmedia&parent=164"}],"curies":[{"name":"wp","href":"https:\/\/api.w.org\/{rel}","templated":true}]}}