{"id":124,"date":"2016-08-18T22:27:06","date_gmt":"2016-08-18T21:27:06","guid":{"rendered":"http:\/\/gunnarsson.biz\/ljungpress\/?page_id=124"},"modified":"2023-05-21T14:20:27","modified_gmt":"2023-05-21T13:20:27","slug":"traporten","status":"publish","type":"page","link":"https:\/\/gunnarsson.biz\/ljungpress\/?page_id=124","title":{"rendered":"Borgsj\u00f6 Strand och Naturum"},"content":{"rendered":"<p>I grannbyn Borgsj\u00f6 l\u00e4ngs E14 finns en v\u00e4grestaurang (<a href=\"https:\/\/borgsjostrand.se\/\" target=\"_blank\" rel=\"noopener\">Borgsj\u00f6 Strand<\/a> F.d. Tr\u00e4porten)<\/p>\n<p><a href=\"http:\/\/gunnarsson.biz\/ljungpress\/wp-content\/uploads\/2016\/08\/treporten.jpg\"><img loading=\"lazy\" decoding=\"async\" class=\"size-full wp-image-125\" src=\"http:\/\/gunnarsson.biz\/ljungpress\/wp-content\/uploads\/2016\/08\/treporten.jpg\" alt=\"tr\u00e4porten i Borgsj\u00f6\" width=\"666\" height=\"499\" srcset=\"https:\/\/gunnarsson.biz\/ljungpress\/wp-content\/uploads\/2016\/08\/treporten.jpg 666w, https:\/\/gunnarsson.biz\/ljungpress\/wp-content\/uploads\/2016\/08\/treporten-300x225.jpg 300w, https:\/\/gunnarsson.biz\/ljungpress\/wp-content\/uploads\/2016\/08\/treporten-624x468.jpg 624w\" sizes=\"auto, (max-width: 666px) 100vw, 666px\" \/><\/a><\/p>\n<p>Restaurangen ligger ben\u00e4gen vid \u00c5nge Kommuns turistinformation &#8221;Naturum&#8221; d\u00e4r du kan f\u00e5 bra r\u00e5d och information om intressanta st\u00e4llen att bes\u00f6ka, d\u00e4r har man \u00e4ven fasta och tillf\u00e4lliga utst\u00e4llningar av saker med lokal anknytning.<\/p>\n<div id=\"attachment_127\" style=\"width: 676px\" class=\"wp-caption aligncenter\"><a href=\"http:\/\/gunnarsson.biz\/ljungpress\/wp-content\/uploads\/2016\/08\/naturrum.jpg\"><img loading=\"lazy\" decoding=\"async\" aria-describedby=\"caption-attachment-127\" class=\"size-full wp-image-127\" src=\"http:\/\/gunnarsson.biz\/ljungpress\/wp-content\/uploads\/2016\/08\/naturrum.jpg\" alt=\"En del av turistinformationen med intressanta utst\u00e4llningar med anknytning till bygden.\" width=\"666\" height=\"499\" srcset=\"https:\/\/gunnarsson.biz\/ljungpress\/wp-content\/uploads\/2016\/08\/naturrum.jpg 666w, https:\/\/gunnarsson.biz\/ljungpress\/wp-content\/uploads\/2016\/08\/naturrum-300x225.jpg 300w, https:\/\/gunnarsson.biz\/ljungpress\/wp-content\/uploads\/2016\/08\/naturrum-624x468.jpg 624w\" sizes=\"auto, (max-width: 666px) 100vw, 666px\" \/><\/a><p id=\"caption-attachment-127\" class=\"wp-caption-text\">Turistinformationen med intressanta utst\u00e4llningar med anknytning till bygden.<\/p><\/div>\n<p><a href=\"http:\/\/www.barnsemester.se\/rastplatser\/rastplats-borgsjo\">Rastplatsen<\/a> har vunnit f\u00f6rstapris ett flertal g\u00e5nger i testen som <a href=\"http:\/\/www.st.nu\/medelpad\/ange\/borgsjo-ar-lanets-basta-rastplats\">Motorm\u00e4nnen g\u00f6r av rastplatser l\u00e4ngs v\u00e4garna i hela Sverige. <\/a><\/p>\n<div id=\"attachment_128\" style=\"width: 679px\" class=\"wp-caption aligncenter\"><a href=\"http:\/\/gunnarsson.biz\/ljungpress\/wp-content\/uploads\/2016\/08\/motormannen.jpg\"><img loading=\"lazy\" decoding=\"async\" aria-describedby=\"caption-attachment-128\" class=\"size-full wp-image-128\" src=\"http:\/\/gunnarsson.biz\/ljungpress\/wp-content\/uploads\/2016\/08\/motormannen.jpg\" alt=\"Flera f\u00f6rstapriser har det blivit.\" width=\"669\" height=\"416\" srcset=\"https:\/\/gunnarsson.biz\/ljungpress\/wp-content\/uploads\/2016\/08\/motormannen.jpg 669w, https:\/\/gunnarsson.biz\/ljungpress\/wp-content\/uploads\/2016\/08\/motormannen-300x187.jpg 300w, https:\/\/gunnarsson.biz\/ljungpress\/wp-content\/uploads\/2016\/08\/motormannen-624x388.jpg 624w\" sizes=\"auto, (max-width: 669px) 100vw, 669px\" \/><\/a><p id=\"caption-attachment-128\" class=\"wp-caption-text\">Flera f\u00f6rstapriser har det blivit.<\/p><\/div>\n<p>Bra och informativa tavlor finns naturligtvis p\u00e5 plats \u00e4ven om det inte syns s\u00e5 bra p\u00e5 bilden.<\/p>\n<div id=\"attachment_126\" style=\"width: 676px\" class=\"wp-caption aligncenter\"><a href=\"http:\/\/gunnarsson.biz\/ljungpress\/wp-content\/uploads\/2016\/08\/infotavlor.jpg\"><img loading=\"lazy\" decoding=\"async\" aria-describedby=\"caption-attachment-126\" class=\"size-full wp-image-126\" src=\"http:\/\/gunnarsson.biz\/ljungpress\/wp-content\/uploads\/2016\/08\/infotavlor.jpg\" alt=\"Informationsskyltar om Tidernas v\u00e4g och v\u00e5ra underbara avkrokar.\" width=\"666\" height=\"499\" srcset=\"https:\/\/gunnarsson.biz\/ljungpress\/wp-content\/uploads\/2016\/08\/infotavlor.jpg 666w, https:\/\/gunnarsson.biz\/ljungpress\/wp-content\/uploads\/2016\/08\/infotavlor-300x225.jpg 300w, https:\/\/gunnarsson.biz\/ljungpress\/wp-content\/uploads\/2016\/08\/infotavlor-624x468.jpg 624w\" sizes=\"auto, (max-width: 666px) 100vw, 666px\" \/><\/a><p id=\"caption-attachment-126\" class=\"wp-caption-text\">Informationsskyltar om Tidernas v\u00e4g och v\u00e5ra underbara avkrokar.<\/p><\/div>\n<p><a href=\"https:\/\/borgsjostrand.se\/\" target=\"_blank\" rel=\"noopener\">Borgsj\u00f6 Strand<\/a> har f\u00f6rutom matst\u00e4llet ocks\u00e5 en camping med b\u00e5de stugor och husvagnsplatser, v\u00e4rt att notera \u00e4r v\u00e4l ocks\u00e5 tillg\u00e5ngen till stor parkering f\u00f6r l\u00e4tt parkering av l\u00e5nga ekipage vid matstopp.<\/p>\n<p><a href=\"http:\/\/gunnarsson.biz\/ljungpress\/wp-content\/uploads\/2016\/08\/11896197_10153253163373791_3026682297429012802_n.jpg\"><img loading=\"lazy\" decoding=\"async\" class=\"size-full wp-image-154 alignleft\" src=\"http:\/\/gunnarsson.biz\/ljungpress\/wp-content\/uploads\/2016\/08\/11896197_10153253163373791_3026682297429012802_n.jpg\" alt=\"11896197_10153253163373791_3026682297429012802_n\" width=\"640\" height=\"640\" srcset=\"https:\/\/gunnarsson.biz\/ljungpress\/wp-content\/uploads\/2016\/08\/11896197_10153253163373791_3026682297429012802_n.jpg 640w, https:\/\/gunnarsson.biz\/ljungpress\/wp-content\/uploads\/2016\/08\/11896197_10153253163373791_3026682297429012802_n-150x150.jpg 150w, https:\/\/gunnarsson.biz\/ljungpress\/wp-content\/uploads\/2016\/08\/11896197_10153253163373791_3026682297429012802_n-300x300.jpg 300w, https:\/\/gunnarsson.biz\/ljungpress\/wp-content\/uploads\/2016\/08\/11896197_10153253163373791_3026682297429012802_n-624x624.jpg 624w\" sizes=\"auto, (max-width: 640px) 100vw, 640px\" \/><\/a><\/p>\n<p>Borgsj\u00f6 Strand och Naturum ligger alldeles vid E14 i Borgsj\u00f6.<br \/>\nHitta dit med <a href=\"https:\/\/www.hitta.se\/kartan!~62.51636,16.05343,12z\/tr!i=u7THCbJj\/search!q=tr%C3%A4porten%20Borgsj%C3%B6!b=62.48315:15.83370,62.54953:16.27316!sg=true!t=combined!ai=krsekovde!aic=62.53670:15.91956\" target=\"_blank\" rel=\"noopener\">Hitta.se <\/a><\/p>\n","protected":false},"excerpt":{"rendered":"<p>I grannbyn Borgsj\u00f6 l\u00e4ngs E14 finns en v\u00e4grestaurang (Borgsj\u00f6 Strand F.d. Tr\u00e4porten) Restaurangen ligger ben\u00e4gen vid \u00c5nge Kommuns turistinformation &#8221;Naturum&#8221; d\u00e4r du kan f\u00e5 bra r\u00e5d och information om intressanta st\u00e4llen att bes\u00f6ka, d\u00e4r har man \u00e4ven fasta och tillf\u00e4lliga utst\u00e4llningar av saker med lokal anknytning. Rastplatsen har vunnit f\u00f6rstapris ett flertal g\u00e5nger i testen [&hellip;]<\/p>\n","protected":false},"author":1,"featured_media":0,"parent":40,"menu_order":0,"comment_status":"closed","ping_status":"closed","template":"","meta":{"footnotes":""},"class_list":["post-124","page","type-page","status-publish","hentry"],"_links":{"self":[{"href":"https:\/\/gunnarsson.biz\/ljungpress\/index.php?rest_route=\/wp\/v2\/pages\/124","targetHints":{"allow":["GET"]}}],"collection":[{"href":"https:\/\/gunnarsson.biz\/ljungpress\/index.php?rest_route=\/wp\/v2\/pages"}],"about":[{"href":"https:\/\/gunnarsson.biz\/ljungpress\/index.php?rest_route=\/wp\/v2\/types\/page"}],"author":[{"embeddable":true,"href":"https:\/\/gunnarsson.biz\/ljungpress\/index.php?rest_route=\/wp\/v2\/users\/1"}],"replies":[{"embeddable":true,"href":"https:\/\/gunnarsson.biz\/ljungpress\/index.php?rest_route=%2Fwp%2Fv2%2Fcomments&post=124"}],"version-history":[{"count":7,"href":"https:\/\/gunnarsson.biz\/ljungpress\/index.php?rest_route=\/wp\/v2\/pages\/124\/revisions"}],"predecessor-version":[{"id":407,"href":"https:\/\/gunnarsson.biz\/ljungpress\/index.php?rest_route=\/wp\/v2\/pages\/124\/revisions\/407"}],"up":[{"embeddable":true,"href":"https:\/\/gunnarsson.biz\/ljungpress\/index.php?rest_route=\/wp\/v2\/pages\/40"}],"wp:attachment":[{"href":"https:\/\/gunnarsson.biz\/ljungpress\/index.php?rest_route=%2Fwp%2Fv2%2Fmedia&parent=124"}],"curies":[{"name":"wp","href":"https:\/\/api.w.org\/{rel}","templated":true}]}}