{"id":113,"date":"2016-06-04T00:21:51","date_gmt":"2016-06-03T23:21:51","guid":{"rendered":"http:\/\/gunnarsson.biz\/ljungpress\/?page_id=113"},"modified":"2020-05-09T10:55:21","modified_gmt":"2020-05-09T09:55:21","slug":"porkys-diner","status":"publish","type":"page","link":"https:\/\/gunnarsson.biz\/ljungpress\/?page_id=113","title":{"rendered":"Restaurang Viking"},"content":{"rendered":"<p>I Folkets Husbyggnaden finns en trevlig restaurang med lekh\u00f6rna f\u00f6r barnen.<br \/>\nMenyn best\u00e5r av Dagens r\u00e4tt, ala carte, pizza av alla t\u00e4nkbara sorter och flera varianter av sallader. M\u00f6jlighet att sitta ute i solen p\u00e5 en stor fin altan i anslutning till entr\u00e9n sommartid.<br \/>\nWebbmaster rekommenderar varmt pizzan Viking special.<\/p>\n<p><a href=\"http:\/\/gunnarsson.biz\/ljungpress\/wp-content\/uploads\/2016\/06\/65535829_152083295957300_5298522727248822272_n.jpg\"><img loading=\"lazy\" decoding=\"async\" class=\"aligncenter size-full wp-image-135\" src=\"http:\/\/gunnarsson.biz\/ljungpress\/wp-content\/uploads\/2016\/06\/65535829_152083295957300_5298522727248822272_n.jpg\" alt=\"65535829_152083295957300_5298522727248822272_n\" width=\"960\" height=\"720\" srcset=\"https:\/\/gunnarsson.biz\/ljungpress\/wp-content\/uploads\/2016\/06\/65535829_152083295957300_5298522727248822272_n.jpg 960w, https:\/\/gunnarsson.biz\/ljungpress\/wp-content\/uploads\/2016\/06\/65535829_152083295957300_5298522727248822272_n-300x225.jpg 300w, https:\/\/gunnarsson.biz\/ljungpress\/wp-content\/uploads\/2016\/06\/65535829_152083295957300_5298522727248822272_n-768x576.jpg 768w, https:\/\/gunnarsson.biz\/ljungpress\/wp-content\/uploads\/2016\/06\/65535829_152083295957300_5298522727248822272_n-624x468.jpg 624w\" sizes=\"auto, (max-width: 960px) 100vw, 960px\" \/><\/a><a href=\"http:\/\/gunnarsson.biz\/ljungpress\/wp-content\/uploads\/2016\/06\/38423147_1938340742926966_2871970907721564160_o.jpg\"><img loading=\"lazy\" decoding=\"async\" class=\"aligncenter size-full wp-image-138\" src=\"http:\/\/gunnarsson.biz\/ljungpress\/wp-content\/uploads\/2016\/06\/38423147_1938340742926966_2871970907721564160_o.jpg\" alt=\"38423147_1938340742926966_2871970907721564160_o\" width=\"1080\" height=\"1080\" srcset=\"https:\/\/gunnarsson.biz\/ljungpress\/wp-content\/uploads\/2016\/06\/38423147_1938340742926966_2871970907721564160_o.jpg 1080w, https:\/\/gunnarsson.biz\/ljungpress\/wp-content\/uploads\/2016\/06\/38423147_1938340742926966_2871970907721564160_o-150x150.jpg 150w, https:\/\/gunnarsson.biz\/ljungpress\/wp-content\/uploads\/2016\/06\/38423147_1938340742926966_2871970907721564160_o-300x300.jpg 300w, https:\/\/gunnarsson.biz\/ljungpress\/wp-content\/uploads\/2016\/06\/38423147_1938340742926966_2871970907721564160_o-768x768.jpg 768w, https:\/\/gunnarsson.biz\/ljungpress\/wp-content\/uploads\/2016\/06\/38423147_1938340742926966_2871970907721564160_o-1024x1024.jpg 1024w, https:\/\/gunnarsson.biz\/ljungpress\/wp-content\/uploads\/2016\/06\/38423147_1938340742926966_2871970907721564160_o-624x624.jpg 624w\" sizes=\"auto, (max-width: 1080px) 100vw, 1080px\" \/><\/a>Mysig lokal med trevlig f\u00e4rgs\u00e4ttning och dekorationer som man trivs med.<br \/>\n<a href=\"http:\/\/gunnarsson.biz\/ljungpress\/wp-content\/uploads\/2016\/06\/29066956_110928193078457_4320669269357494272_n.jpg\"><img loading=\"lazy\" decoding=\"async\" class=\"aligncenter size-full wp-image-136\" src=\"http:\/\/gunnarsson.biz\/ljungpress\/wp-content\/uploads\/2016\/06\/29066956_110928193078457_4320669269357494272_n.jpg\" alt=\"29066956_110928193078457_4320669269357494272_n\" width=\"960\" height=\"716\" srcset=\"https:\/\/gunnarsson.biz\/ljungpress\/wp-content\/uploads\/2016\/06\/29066956_110928193078457_4320669269357494272_n.jpg 960w, https:\/\/gunnarsson.biz\/ljungpress\/wp-content\/uploads\/2016\/06\/29066956_110928193078457_4320669269357494272_n-300x224.jpg 300w, https:\/\/gunnarsson.biz\/ljungpress\/wp-content\/uploads\/2016\/06\/29066956_110928193078457_4320669269357494272_n-768x573.jpg 768w, https:\/\/gunnarsson.biz\/ljungpress\/wp-content\/uploads\/2016\/06\/29066956_110928193078457_4320669269357494272_n-624x465.jpg 624w\" sizes=\"auto, (max-width: 960px) 100vw, 960px\" \/><\/a>Restaurangen som ligger centralt i Ljungaverk \u00e4r inrymd i Folkets Hus och serverar dagens r\u00e4tt alla vardagar f\u00f6r 80:-, kv\u00e4llar och helger finns stort utbud av ala carte och pizzor.<br \/>\nVeckomeny kan hittas p\u00e5 <a href=\"https:\/\/www.facebook.com\/vikingsrestaurang.ljungaverk\" target=\"_blank\">Facebook.<\/a><\/p>\n<p>Lekh\u00f6rnan.<br \/>\n<a href=\"http:\/\/gunnarsson.biz\/ljungpress\/wp-content\/uploads\/2016\/06\/51509276_360495468121727_2251177649017716736_n.jpg\"><img loading=\"lazy\" decoding=\"async\" class=\"aligncenter size-full wp-image-141\" src=\"http:\/\/gunnarsson.biz\/ljungpress\/wp-content\/uploads\/2016\/06\/51509276_360495468121727_2251177649017716736_n.jpg\" alt=\"51509276_360495468121727_2251177649017716736_n\" width=\"960\" height=\"717\" srcset=\"https:\/\/gunnarsson.biz\/ljungpress\/wp-content\/uploads\/2016\/06\/51509276_360495468121727_2251177649017716736_n.jpg 960w, https:\/\/gunnarsson.biz\/ljungpress\/wp-content\/uploads\/2016\/06\/51509276_360495468121727_2251177649017716736_n-300x224.jpg 300w, https:\/\/gunnarsson.biz\/ljungpress\/wp-content\/uploads\/2016\/06\/51509276_360495468121727_2251177649017716736_n-768x574.jpg 768w, https:\/\/gunnarsson.biz\/ljungpress\/wp-content\/uploads\/2016\/06\/51509276_360495468121727_2251177649017716736_n-624x466.jpg 624w\" sizes=\"auto, (max-width: 960px) 100vw, 960px\" \/><\/a><a href=\"http:\/\/gunnarsson.biz\/ljungpress\/wp-content\/uploads\/2016\/06\/37684206_228715037966438_8484260757087715328_o.jpg\"><img loading=\"lazy\" decoding=\"async\" class=\"aligncenter size-full wp-image-139\" src=\"http:\/\/gunnarsson.biz\/ljungpress\/wp-content\/uploads\/2016\/06\/37684206_228715037966438_8484260757087715328_o.jpg\" alt=\"37684206_228715037966438_8484260757087715328_o\" width=\"2048\" height=\"1529\" srcset=\"https:\/\/gunnarsson.biz\/ljungpress\/wp-content\/uploads\/2016\/06\/37684206_228715037966438_8484260757087715328_o.jpg 2048w, https:\/\/gunnarsson.biz\/ljungpress\/wp-content\/uploads\/2016\/06\/37684206_228715037966438_8484260757087715328_o-300x224.jpg 300w, https:\/\/gunnarsson.biz\/ljungpress\/wp-content\/uploads\/2016\/06\/37684206_228715037966438_8484260757087715328_o-768x573.jpg 768w, https:\/\/gunnarsson.biz\/ljungpress\/wp-content\/uploads\/2016\/06\/37684206_228715037966438_8484260757087715328_o-1024x765.jpg 1024w, https:\/\/gunnarsson.biz\/ljungpress\/wp-content\/uploads\/2016\/06\/37684206_228715037966438_8484260757087715328_o-624x466.jpg 624w\" sizes=\"auto, (max-width: 2048px) 100vw, 2048px\" \/><\/a><br \/>\nF\u00f6r de \u00e4ldre bes\u00f6karna kan n\u00e4mnas att fullst\u00e4ndiga r\u00e4ttigheter finnes.<a href=\"http:\/\/gunnarsson.biz\/ljungpress\/wp-content\/uploads\/2016\/06\/39860178_262495884588353_8391256624727064576_o.jpg\"><br \/>\n<img loading=\"lazy\" decoding=\"async\" class=\"aligncenter size-full wp-image-140\" src=\"http:\/\/gunnarsson.biz\/ljungpress\/wp-content\/uploads\/2016\/06\/39860178_262495884588353_8391256624727064576_o.jpg\" alt=\"39860178_262495884588353_8391256624727064576_o\" width=\"1440\" height=\"1080\" srcset=\"https:\/\/gunnarsson.biz\/ljungpress\/wp-content\/uploads\/2016\/06\/39860178_262495884588353_8391256624727064576_o.jpg 1440w, https:\/\/gunnarsson.biz\/ljungpress\/wp-content\/uploads\/2016\/06\/39860178_262495884588353_8391256624727064576_o-300x225.jpg 300w, https:\/\/gunnarsson.biz\/ljungpress\/wp-content\/uploads\/2016\/06\/39860178_262495884588353_8391256624727064576_o-768x576.jpg 768w, https:\/\/gunnarsson.biz\/ljungpress\/wp-content\/uploads\/2016\/06\/39860178_262495884588353_8391256624727064576_o-1024x768.jpg 1024w, https:\/\/gunnarsson.biz\/ljungpress\/wp-content\/uploads\/2016\/06\/39860178_262495884588353_8391256624727064576_o-624x468.jpg 624w\" sizes=\"auto, (max-width: 1440px) 100vw, 1440px\" \/><\/a>OBS! L\u00f6rdagar har man f.n \u00f6ppet till 02.00 p\u00e5 nattkr\u00f6ken, ala carte serveras.<\/p>\n<p>Hitta hit med hj\u00e4lp av <a href=\"https:\/\/www.hitta.se\/kartan!~62.49233,16.06845,14z\/tr!i=u7THCbJj\/search!i=1013545302!q=Folkets%20Husv%C3%A4gen%201!t=single!st=plc!a=62.49126:16.05315!ai=1013545302!aic=62.49126:16.05315\" target=\"_blank\">Hitta.se <\/a><br \/>\nG\u00e5r \u00e4ven att best\u00e4lla &#8221;h\u00e4mtpizza&#8221; p\u00e5 tel: 0691-33230<br \/>\nMenyn kan ses p\u00e5 deras hemsida: <a href=\"http:\/\/restaurangviking.se\/\">www.restaurangviking.se<br \/>\n<\/a><a href=\"http:\/\/restaurangviking.se\/\"><br \/>\n<\/a><\/p>\n","protected":false},"excerpt":{"rendered":"<p>I Folkets Husbyggnaden finns en trevlig restaurang med lekh\u00f6rna f\u00f6r barnen. Menyn best\u00e5r av Dagens r\u00e4tt, ala carte, pizza av alla t\u00e4nkbara sorter och flera varianter av sallader. M\u00f6jlighet att sitta ute i solen p\u00e5 en stor fin altan i anslutning till entr\u00e9n sommartid. Webbmaster rekommenderar varmt pizzan Viking special. Mysig lokal med trevlig f\u00e4rgs\u00e4ttning [&hellip;]<\/p>\n","protected":false},"author":1,"featured_media":0,"parent":40,"menu_order":0,"comment_status":"closed","ping_status":"closed","template":"","meta":{"footnotes":""},"class_list":["post-113","page","type-page","status-publish","hentry"],"_links":{"self":[{"href":"https:\/\/gunnarsson.biz\/ljungpress\/index.php?rest_route=\/wp\/v2\/pages\/113","targetHints":{"allow":["GET"]}}],"collection":[{"href":"https:\/\/gunnarsson.biz\/ljungpress\/index.php?rest_route=\/wp\/v2\/pages"}],"about":[{"href":"https:\/\/gunnarsson.biz\/ljungpress\/index.php?rest_route=\/wp\/v2\/types\/page"}],"author":[{"embeddable":true,"href":"https:\/\/gunnarsson.biz\/ljungpress\/index.php?rest_route=\/wp\/v2\/users\/1"}],"replies":[{"embeddable":true,"href":"https:\/\/gunnarsson.biz\/ljungpress\/index.php?rest_route=%2Fwp%2Fv2%2Fcomments&post=113"}],"version-history":[{"count":6,"href":"https:\/\/gunnarsson.biz\/ljungpress\/index.php?rest_route=\/wp\/v2\/pages\/113\/revisions"}],"predecessor-version":[{"id":262,"href":"https:\/\/gunnarsson.biz\/ljungpress\/index.php?rest_route=\/wp\/v2\/pages\/113\/revisions\/262"}],"up":[{"embeddable":true,"href":"https:\/\/gunnarsson.biz\/ljungpress\/index.php?rest_route=\/wp\/v2\/pages\/40"}],"wp:attachment":[{"href":"https:\/\/gunnarsson.biz\/ljungpress\/index.php?rest_route=%2Fwp%2Fv2%2Fmedia&parent=113"}],"curies":[{"name":"wp","href":"https:\/\/api.w.org\/{rel}","templated":true}]}}