{"id":786,"date":"2011-12-22T13:31:34","date_gmt":"2011-12-22T11:31:34","guid":{"rendered":"http:\/\/gunnarsson.biz\/blogg\/?page_id=786"},"modified":"2012-04-01T22:39:18","modified_gmt":"2012-04-01T20:39:18","slug":"r-e-m","status":"publish","type":"page","link":"https:\/\/gunnarsson.biz\/blogg\/?page_id=786","title":{"rendered":"R.E.M"},"content":{"rendered":"<p>R.E.M&#8217;s b\u00e4sta om du fr\u00e5gar mej.<br \/>\n(Jisses vad precis, n\u00e5gra dagar efter att jag lagt in dessa videos st\u00e5r det att l\u00e4sa i Aftonbladet &#8221;<a href=\"http:\/\/www.aftonbladet.se\/nojesbladet\/musik\/article13662448.ab\" target=\"_blank\">Supergruppen R.E.M splittras<\/a>&#8221;)<\/p>\n<p><object width=\"640\" height=\"480\" classid=\"clsid:d27cdb6e-ae6d-11cf-96b8-444553540000\" codebase=\"http:\/\/download.macromedia.com\/pub\/shockwave\/cabs\/flash\/swflash.cab#version=6,0,40,0\"><param name=\"allowFullScreen\" value=\"true\" \/><param name=\"allowscriptaccess\" value=\"always\" \/><param name=\"src\" value=\"http:\/\/www.youtube.com\/v\/5rOiW_xY-kc?version=3&amp;hl=sv_SE\" \/><param name=\"allowfullscreen\" value=\"true\" \/><embed width=\"640\" height=\"480\" type=\"application\/x-shockwave-flash\" src=\"http:\/\/www.youtube.com\/v\/5rOiW_xY-kc?version=3&amp;hl=sv_SE\" allowFullScreen=\"true\" allowscriptaccess=\"always\" allowfullscreen=\"true\" \/><\/object><\/p>\n<p><object width=\"640\" height=\"480\" classid=\"clsid:d27cdb6e-ae6d-11cf-96b8-444553540000\" codebase=\"http:\/\/download.macromedia.com\/pub\/shockwave\/cabs\/flash\/swflash.cab#version=6,0,40,0\"><param name=\"allowFullScreen\" value=\"true\" \/><param name=\"allowscriptaccess\" value=\"always\" \/><param name=\"src\" value=\"https:\/\/www.youtube.com\/v\/Hyk-Vdd_Qrk?version=3&amp;hl=sv_SE\" \/><param name=\"allowfullscreen\" value=\"true\" \/><embed width=\"640\" height=\"480\" type=\"application\/x-shockwave-flash\" src=\"https:\/\/www.youtube.com\/v\/Hyk-Vdd_Qrk?version=3&amp;hl=sv_SE\" allowFullScreen=\"true\" allowscriptaccess=\"always\" allowfullscreen=\"true\" \/><\/object><\/p>\n<p><object width=\"640\" height=\"480\" classid=\"clsid:d27cdb6e-ae6d-11cf-96b8-444553540000\" codebase=\"http:\/\/download.macromedia.com\/pub\/shockwave\/cabs\/flash\/swflash.cab#version=6,0,40,0\"><param name=\"allowFullScreen\" value=\"true\" \/><param name=\"allowscriptaccess\" value=\"always\" \/><param name=\"src\" value=\"http:\/\/www.youtube.com\/v\/jWkMhCLkVOg?version=3&amp;hl=sv_SE\" \/><param name=\"allowfullscreen\" value=\"true\" \/><embed width=\"640\" height=\"480\" type=\"application\/x-shockwave-flash\" src=\"http:\/\/www.youtube.com\/v\/jWkMhCLkVOg?version=3&amp;hl=sv_SE\" allowFullScreen=\"true\" allowscriptaccess=\"always\" allowfullscreen=\"true\" \/><\/object><\/p>\n<p><object width=\"640\" height=\"480\" classid=\"clsid:d27cdb6e-ae6d-11cf-96b8-444553540000\" codebase=\"http:\/\/download.macromedia.com\/pub\/shockwave\/cabs\/flash\/swflash.cab#version=6,0,40,0\"><param name=\"allowFullScreen\" value=\"true\" \/><param name=\"allowscriptaccess\" value=\"always\" \/><param name=\"src\" value=\"http:\/\/www.youtube.com\/v\/7qLn3WRCoho?version=3&amp;hl=sv_SE\" \/><param name=\"allowfullscreen\" value=\"true\" \/><embed width=\"640\" height=\"480\" type=\"application\/x-shockwave-flash\" src=\"http:\/\/www.youtube.com\/v\/7qLn3WRCoho?version=3&amp;hl=sv_SE\" allowFullScreen=\"true\" allowscriptaccess=\"always\" allowfullscreen=\"true\" \/><\/object><\/p>\n<p><object width=\"640\" height=\"480\" classid=\"clsid:d27cdb6e-ae6d-11cf-96b8-444553540000\" codebase=\"http:\/\/download.macromedia.com\/pub\/shockwave\/cabs\/flash\/swflash.cab#version=6,0,40,0\"><param name=\"allowFullScreen\" value=\"true\" \/><param name=\"allowscriptaccess\" value=\"always\" \/><param name=\"src\" value=\"http:\/\/www.youtube.com\/v\/1hKSYgOGtos?version=3&amp;hl=sv_SE\" \/><param name=\"allowfullscreen\" value=\"true\" \/><embed width=\"640\" height=\"480\" type=\"application\/x-shockwave-flash\" src=\"http:\/\/www.youtube.com\/v\/1hKSYgOGtos?version=3&amp;hl=sv_SE\" allowFullScreen=\"true\" allowscriptaccess=\"always\" allowfullscreen=\"true\" \/><\/object><\/p>\n<p><object width=\"640\" height=\"480\" classid=\"clsid:d27cdb6e-ae6d-11cf-96b8-444553540000\" codebase=\"http:\/\/download.macromedia.com\/pub\/shockwave\/cabs\/flash\/swflash.cab#version=6,0,40,0\"><param name=\"allowFullScreen\" value=\"true\" \/><param name=\"allowscriptaccess\" value=\"always\" \/><param name=\"src\" value=\"http:\/\/www.youtube.com\/v\/S8afojtw4UE?version=3&amp;hl=sv_SE\" \/><param name=\"allowfullscreen\" value=\"true\" \/><embed width=\"640\" height=\"480\" type=\"application\/x-shockwave-flash\" src=\"http:\/\/www.youtube.com\/v\/S8afojtw4UE?version=3&amp;hl=sv_SE\" allowFullScreen=\"true\" allowscriptaccess=\"always\" allowfullscreen=\"true\" \/><\/object><\/p>\n<p><object width=\"640\" height=\"480\" classid=\"clsid:d27cdb6e-ae6d-11cf-96b8-444553540000\" codebase=\"http:\/\/download.macromedia.com\/pub\/shockwave\/cabs\/flash\/swflash.cab#version=6,0,40,0\"><param name=\"allowFullScreen\" value=\"true\" \/><param name=\"allowscriptaccess\" value=\"always\" \/><param name=\"src\" value=\"http:\/\/www.youtube.com\/v\/ZzDXU_AcsW8?version=3&amp;hl=sv_SE\" \/><param name=\"allowfullscreen\" value=\"true\" \/><embed width=\"640\" height=\"480\" type=\"application\/x-shockwave-flash\" src=\"http:\/\/www.youtube.com\/v\/ZzDXU_AcsW8?version=3&amp;hl=sv_SE\" allowFullScreen=\"true\" allowscriptaccess=\"always\" allowfullscreen=\"true\" \/><\/object><\/p>\n<p><object width=\"640\" height=\"480\" classid=\"clsid:d27cdb6e-ae6d-11cf-96b8-444553540000\" codebase=\"http:\/\/download.macromedia.com\/pub\/shockwave\/cabs\/flash\/swflash.cab#version=6,0,40,0\"><param name=\"allowFullScreen\" value=\"true\" \/><param name=\"allowscriptaccess\" value=\"always\" \/><param name=\"src\" value=\"http:\/\/www.youtube.com\/v\/Jg1jdnfC1Jk?version=3&amp;hl=sv_SE\" \/><param name=\"allowfullscreen\" value=\"true\" \/><embed width=\"640\" height=\"480\" type=\"application\/x-shockwave-flash\" src=\"http:\/\/www.youtube.com\/v\/Jg1jdnfC1Jk?version=3&amp;hl=sv_SE\" allowFullScreen=\"true\" allowscriptaccess=\"always\" allowfullscreen=\"true\" \/><\/object><\/p>\n","protected":false},"excerpt":{"rendered":"<p>R.E.M&#8217;s b\u00e4sta om du fr\u00e5gar mej. (Jisses vad precis, n\u00e5gra dagar efter att jag lagt in dessa videos st\u00e5r det att l\u00e4sa i Aftonbladet &#8221;Supergruppen R.E.M splittras&#8221;)<\/p>\n","protected":false},"author":92,"featured_media":0,"parent":462,"menu_order":0,"comment_status":"closed","ping_status":"open","template":"","meta":{"footnotes":""},"class_list":["post-786","page","type-page","status-publish","hentry"],"_links":{"self":[{"href":"https:\/\/gunnarsson.biz\/blogg\/index.php?rest_route=\/wp\/v2\/pages\/786","targetHints":{"allow":["GET"]}}],"collection":[{"href":"https:\/\/gunnarsson.biz\/blogg\/index.php?rest_route=\/wp\/v2\/pages"}],"about":[{"href":"https:\/\/gunnarsson.biz\/blogg\/index.php?rest_route=\/wp\/v2\/types\/page"}],"author":[{"embeddable":true,"href":"https:\/\/gunnarsson.biz\/blogg\/index.php?rest_route=\/wp\/v2\/users\/92"}],"replies":[{"embeddable":true,"href":"https:\/\/gunnarsson.biz\/blogg\/index.php?rest_route=%2Fwp%2Fv2%2Fcomments&post=786"}],"version-history":[{"count":5,"href":"https:\/\/gunnarsson.biz\/blogg\/index.php?rest_route=\/wp\/v2\/pages\/786\/revisions"}],"predecessor-version":[{"id":1186,"href":"https:\/\/gunnarsson.biz\/blogg\/index.php?rest_route=\/wp\/v2\/pages\/786\/revisions\/1186"}],"up":[{"embeddable":true,"href":"https:\/\/gunnarsson.biz\/blogg\/index.php?rest_route=\/wp\/v2\/pages\/462"}],"wp:attachment":[{"href":"https:\/\/gunnarsson.biz\/blogg\/index.php?rest_route=%2Fwp%2Fv2%2Fmedia&parent=786"}],"curies":[{"name":"wp","href":"https:\/\/api.w.org\/{rel}","templated":true}]}}