{"id":5083,"date":"2016-10-20T11:20:09","date_gmt":"2016-10-20T09:20:09","guid":{"rendered":"http:\/\/gunnarsson.biz\/blogg\/?page_id=5083"},"modified":"2019-05-22T13:28:40","modified_gmt":"2019-05-22T11:28:40","slug":"clout","status":"publish","type":"page","link":"https:\/\/gunnarsson.biz\/blogg\/?page_id=5083","title":{"rendered":"Clout"},"content":{"rendered":"<p>Snubblade \u00f6ver en tjejgrupp p\u00e5 Youtube nyligen som jag h\u00f6rt m\u00e5nga g\u00e5nger men aldrig f\u00e5tt n\u00e5gon kl\u00e4m p\u00e5 vad dom heter.<br \/>\nGruppen heter <a href=\"https:\/\/sv.wikipedia.org\/wiki\/Clout\" target=\"_blank\">Clout<\/a>, kommer fr\u00e5n Syd-Afrika och hade v\u00e4l sin storhetstid mellan 1977 &#8211; 1981<br \/>\nL\u00e4gger upp n\u00e5gra av mina favoriter h\u00e4r s\u00e5 kan ni ju lyssna och se vad ni tycker, ni k\u00e4nner bergis igen n\u00e5n av dom. \ud83d\ude42<\/p>\n<p>Substitut:<br \/>\n<iframe loading=\"lazy\" src=\"https:\/\/www.youtube.com\/embed\/ZtVOhqarpVo\" allowfullscreen=\"\" width=\"640\" height=\"360\" frameborder=\"0\"><\/iframe><\/p>\n<p>Save me:<br \/>\n<iframe loading=\"lazy\" src=\"https:\/\/www.youtube.com\/embed\/zCkxmX5YaP4\" allowfullscreen=\"\" width=\"640\" height=\"360\" frameborder=\"0\"><\/iframe><\/p>\n<p>Under fire:<br \/>\n<iframe loading=\"lazy\" src=\"https:\/\/www.youtube.com\/embed\/sB6WklWLJos\" allowfullscreen=\"\" width=\"640\" height=\"360\" frameborder=\"0\"><\/iframe><\/p>\n<p>Portable radio:<br \/>\n<iframe loading=\"lazy\" src=\"https:\/\/www.youtube.com\/embed\/zFyACMbGdVU\" allowfullscreen=\"\" width=\"640\" height=\"360\" frameborder=\"0\"><\/iframe><\/p>\n<p>Since you&#8217;ve been gone:<br \/>\n<iframe loading=\"lazy\" src=\"https:\/\/www.youtube.com\/embed\/mu_NTgbat4I\" allowfullscreen=\"\" width=\"640\" height=\"360\" frameborder=\"0\"><\/iframe><\/p>\n","protected":false},"excerpt":{"rendered":"<p>Snubblade \u00f6ver en tjejgrupp p\u00e5 Youtube nyligen som jag h\u00f6rt m\u00e5nga g\u00e5nger men aldrig f\u00e5tt n\u00e5gon kl\u00e4m p\u00e5 vad dom heter. Gruppen heter Clout, kommer fr\u00e5n Syd-Afrika och hade v\u00e4l sin storhetstid mellan 1977 &#8211; 1981 L\u00e4gger upp n\u00e5gra av &hellip; <a href=\"https:\/\/gunnarsson.biz\/blogg\/?page_id=5083\">Forts\u00e4tt l\u00e4sa <span class=\"meta-nav\">&rarr;<\/span><\/a><\/p>\n","protected":false},"author":92,"featured_media":0,"parent":462,"menu_order":0,"comment_status":"closed","ping_status":"open","template":"","meta":{"footnotes":""},"class_list":["post-5083","page","type-page","status-publish","hentry"],"_links":{"self":[{"href":"https:\/\/gunnarsson.biz\/blogg\/index.php?rest_route=\/wp\/v2\/pages\/5083","targetHints":{"allow":["GET"]}}],"collection":[{"href":"https:\/\/gunnarsson.biz\/blogg\/index.php?rest_route=\/wp\/v2\/pages"}],"about":[{"href":"https:\/\/gunnarsson.biz\/blogg\/index.php?rest_route=\/wp\/v2\/types\/page"}],"author":[{"embeddable":true,"href":"https:\/\/gunnarsson.biz\/blogg\/index.php?rest_route=\/wp\/v2\/users\/92"}],"replies":[{"embeddable":true,"href":"https:\/\/gunnarsson.biz\/blogg\/index.php?rest_route=%2Fwp%2Fv2%2Fcomments&post=5083"}],"version-history":[{"count":5,"href":"https:\/\/gunnarsson.biz\/blogg\/index.php?rest_route=\/wp\/v2\/pages\/5083\/revisions"}],"predecessor-version":[{"id":5993,"href":"https:\/\/gunnarsson.biz\/blogg\/index.php?rest_route=\/wp\/v2\/pages\/5083\/revisions\/5993"}],"up":[{"embeddable":true,"href":"https:\/\/gunnarsson.biz\/blogg\/index.php?rest_route=\/wp\/v2\/pages\/462"}],"wp:attachment":[{"href":"https:\/\/gunnarsson.biz\/blogg\/index.php?rest_route=%2Fwp%2Fv2%2Fmedia&parent=5083"}],"curies":[{"name":"wp","href":"https:\/\/api.w.org\/{rel}","templated":true}]}}