{"id":1647,"date":"2012-09-19T10:41:05","date_gmt":"2012-09-19T08:41:05","guid":{"rendered":"http:\/\/gunnarsson.biz\/blogg\/?page_id=1647"},"modified":"2016-10-20T11:33:44","modified_gmt":"2016-10-20T09:33:44","slug":"stiftelsen","status":"publish","type":"page","link":"https:\/\/gunnarsson.biz\/blogg\/?page_id=1647","title":{"rendered":"Stiftelsen."},"content":{"rendered":"<p>Nytt p\u00e5 Tuben, en riktigt gripande video, Darling:<br \/>\n<iframe loading=\"lazy\" width=\"640\" height=\"360\" src=\"https:\/\/www.youtube.com\/embed\/bmkVmgirxWo\" frameborder=\"0\" allowfullscreen><\/iframe><\/p>\n<p>Hon finns \u00f6verallt:<br \/>\n<iframe loading=\"lazy\" width=\"640\" height=\"360\" src=\"https:\/\/www.youtube.com\/embed\/2yZUo74gIbs?rel=0\" frameborder=\"0\" allowfullscreen><\/iframe><\/p>\n<p>Giftet:<br \/>\n<iframe loading=\"lazy\" width=\"640\" height=\"360\" src=\"https:\/\/www.youtube.com\/embed\/i31CCOVVYhc\" frameborder=\"0\" allowfullscreen><\/iframe><\/p>\n<p>H\u00e4rifr\u00e5n:<br \/>\n<object width=\"640\" height=\"480\"><param name=\"movie\" value=\"http:\/\/www.youtube.com\/v\/DZTxmZS_Mf8?version=3&amp;hl=sv_SE\"\/><param name=\"allowFullScreen\" value=\"true\"\/><param name=\"allowscriptaccess\" value=\"always\"\/><embed src=\"http:\/\/www.youtube.com\/v\/DZTxmZS_Mf8?version=3&amp;hl=sv_SE\" type=\"application\/x-shockwave-flash\" width=\"640\" height=\"480\" allowscriptaccess=\"always\" allowfullscreen=\"true\"\/><\/object><\/p>\n<p>Vart jag \u00e4n g\u00e5r:<br \/>\n<object width=\"640\" height=\"360\"><param name=\"movie\" value=\"http:\/\/www.youtube.com\/v\/1TMXA8SIdcM?version=3&amp;hl=sv_SE\"\/><param name=\"allowFullScreen\" value=\"true\"\/><param name=\"allowscriptaccess\" value=\"always\"\/><embed src=\"http:\/\/www.youtube.com\/v\/1TMXA8SIdcM?version=3&amp;hl=sv_SE\" type=\"application\/x-shockwave-flash\" width=\"640\" height=\"360\" allowscriptaccess=\"always\" allowfullscreen=\"true\"\/><\/object><\/p>\n<p>Ur Balans:<br \/>\n<object width=\"640\" height=\"360\"><param name=\"movie\" value=\"http:\/\/www.youtube.com\/v\/HKq_0-iPiX0?version=3&amp;hl=sv_SE\"\/><param name=\"allowFullScreen\" value=\"true\"\/><param name=\"allowscriptaccess\" value=\"always\"\/><embed src=\"http:\/\/www.youtube.com\/v\/HKq_0-iPiX0?version=3&amp;hl=sv_SE\" type=\"application\/x-shockwave-flash\" width=\"640\" height=\"360\" allowscriptaccess=\"always\" allowfullscreen=\"true\"\/><\/object><\/p>\n<p>En annan v\u00e4rld:<br \/>\n<object width=\"640\" height=\"360\"><param name=\"movie\" value=\"http:\/\/www.youtube.com\/v\/CkWm2QfxrGw?hl=sv_SE&amp;version=3\"\/><param name=\"allowFullScreen\" value=\"true\"\/><param name=\"allowscriptaccess\" value=\"always\"\/><embed src=\"http:\/\/www.youtube.com\/v\/CkWm2QfxrGw?hl=sv_SE&amp;version=3\" type=\"application\/x-shockwave-flash\" width=\"640\" height=\"360\" allowscriptaccess=\"always\" allowfullscreen=\"true\"\/><\/object><\/p>\n<p>Utanf\u00f6r din d\u00f6rr.<br \/>\n<iframe loading=\"lazy\" width=\"640\" height=\"360\" src=\"\/\/www.youtube.com\/embed\/jMOQFXBTD20\" frameborder=\"0\" allowfullscreen><\/iframe><\/p>\n","protected":false},"excerpt":{"rendered":"<p>Nytt p\u00e5 Tuben, en riktigt gripande video, Darling: Hon finns \u00f6verallt: Giftet: H\u00e4rifr\u00e5n: Vart jag \u00e4n g\u00e5r: Ur Balans: En annan v\u00e4rld: Utanf\u00f6r din d\u00f6rr.<\/p>\n","protected":false},"author":92,"featured_media":0,"parent":462,"menu_order":0,"comment_status":"closed","ping_status":"closed","template":"","meta":{"footnotes":""},"class_list":["post-1647","page","type-page","status-publish","hentry"],"_links":{"self":[{"href":"https:\/\/gunnarsson.biz\/blogg\/index.php?rest_route=\/wp\/v2\/pages\/1647","targetHints":{"allow":["GET"]}}],"collection":[{"href":"https:\/\/gunnarsson.biz\/blogg\/index.php?rest_route=\/wp\/v2\/pages"}],"about":[{"href":"https:\/\/gunnarsson.biz\/blogg\/index.php?rest_route=\/wp\/v2\/types\/page"}],"author":[{"embeddable":true,"href":"https:\/\/gunnarsson.biz\/blogg\/index.php?rest_route=\/wp\/v2\/users\/92"}],"replies":[{"embeddable":true,"href":"https:\/\/gunnarsson.biz\/blogg\/index.php?rest_route=%2Fwp%2Fv2%2Fcomments&post=1647"}],"version-history":[{"count":9,"href":"https:\/\/gunnarsson.biz\/blogg\/index.php?rest_route=\/wp\/v2\/pages\/1647\/revisions"}],"predecessor-version":[{"id":5088,"href":"https:\/\/gunnarsson.biz\/blogg\/index.php?rest_route=\/wp\/v2\/pages\/1647\/revisions\/5088"}],"up":[{"embeddable":true,"href":"https:\/\/gunnarsson.biz\/blogg\/index.php?rest_route=\/wp\/v2\/pages\/462"}],"wp:attachment":[{"href":"https:\/\/gunnarsson.biz\/blogg\/index.php?rest_route=%2Fwp%2Fv2%2Fmedia&parent=1647"}],"curies":[{"name":"wp","href":"https:\/\/api.w.org\/{rel}","templated":true}]}}